{"id":24512,"date":"2020-03-15T10:35:34","date_gmt":"2020-03-15T10:35:34","guid":{"rendered":"https:\/\/adultseo.net\/pricing\/"},"modified":"2021-05-13T00:06:38","modified_gmt":"2021-05-13T00:06:38","slug":"precios","status":"publish","type":"page","link":"https:\/\/adultseo.net\/es\/precios\/","title":{"rendered":"Pricing"},"content":{"rendered":"<div class=\"wpb-content-wrapper\"><p>[vc_row content_placement=\u00bbmiddle\u00bb bg_type=\u00bbbg_color\u00bb bg_override=\u00bbex-full\u00bb bg_color_value=\u00bb#f7f7f7&#8243;][vc_column width=\u00bb2\/3&#8243;]<div id=\"ultimate-heading-237369d18ed71a67a\" class=\"uvc-heading ult-adjust-bottom-margin ultimate-heading-237369d18ed71a67a uvc-3520 \" data-hspacer=\"no_spacer\"  data-halign=\"left\" style=\"text-align:left\"><div class=\"uvc-heading-spacer no_spacer\" style=\"top\"><\/div><div class=\"uvc-main-heading ult-responsive\"  data-ultimate-target='.uvc-heading.ultimate-heading-237369d18ed71a67a h2'  data-responsive-json-new='{\"font-size\":\"\",\"line-height\":\"\"}' ><h2 style=\"font-weight:bold;color:#ff4c00;margin-bottom:2%;\">Planes personalizados para cada negocio<\/h2><\/div><\/div>[vc_column_text]Cada negocio en l\u00ednea tiene sus requisitos \u00fanicos y propios. Algunos clientes acuden a nosotros para construir un negocio desde cero. Por otro lado, otros acuden a nosotros para llevar sus estancados negocios para adultos al siguiente nivel. Luego, algunos quieren una renovaci\u00f3n completa de su presencia en l\u00ednea. Y muchos otros escenarios con los que nos hemos encontrado, y cada proyecto necesita una soluci\u00f3n personalizada, en lugar de una soluci\u00f3n \u00fanica para todos.<\/p>\n<p>No creemos en los precios estandarizados. Sin embargo, nos aseguramos de que se te entregue una cotizaci\u00f3n de acuerdo a tus necesidades al poco tiempo de iniciar una conversaci\u00f3n con nosotros.[\/vc_column_text][\/vc_column][vc_column width=\u00bb1\/3&#8243;][vc_single_image image=\u00bb24031&#8243; img_size=\u00bbfull\u00bb alignment=\u00bbcenter\u00bb][\/vc_column][\/vc_row][vc_row content_placement=\u00bbmiddle\u00bb bg_type=\u00bbbg_color\u00bb bg_override=\u00bbex-full\u00bb bg_color_value=\u00bb#e6e7e9&#8243;][vc_column width=\u00bb1\/3&#8243;][vc_single_image image=\u00bb24033&#8243; img_size=\u00bbfull\u00bb alignment=\u00bbcenter\u00bb][\/vc_column][vc_column width=\u00bb2\/3&#8243;]<div id=\"ultimate-heading-652169d18ed71a70d\" class=\"uvc-heading ult-adjust-bottom-margin ultimate-heading-652169d18ed71a70d uvc-4248 \" data-hspacer=\"no_spacer\"  data-halign=\"left\" style=\"text-align:left\"><div class=\"uvc-heading-spacer no_spacer\" style=\"top\"><\/div><div class=\"uvc-main-heading ult-responsive\"  data-ultimate-target='.uvc-heading.ultimate-heading-652169d18ed71a70d h2'  data-responsive-json-new='{\"font-size\":\"\",\"line-height\":\"\"}' ><h2 style=\"font-weight:normal;\">\u00bfC\u00f3mo te entregamos un presupuesto?<\/h2><\/div><\/div>[vc_column_text]Primero analizamos y entendemos tu modelo de negocio, junto con tus planes de marketing. Luego, dise\u00f1amos el plan que mejor se adapta a ti, teniendo en cuenta tus requisitos, objetivos y limitaciones. Te lo entregamos, y si tienes sugerencias y comentarios, estamos muy dispuestos a incluirlos para que todos estemos en la misma p\u00e1gina.[\/vc_column_text][\/vc_column][\/vc_row][vc_row bg_type=\u00bbbg_color\u00bb bg_override=\u00bbex-full\u00bb bg_color_value=\u00bb#f7f7f7&#8243; css=\u00bb.vc_custom_1588834551425{padding-top: 3% !important;padding-right: 3% !important;padding-bottom: 3% !important;padding-left: 3% !important;}\u00bb][vc_column css=\u00bb.vc_custom_1588834462831{padding-top: 30px !important;padding-right: 30px !important;padding-bottom: 30px !important;padding-left: 30px !important;background-color: #ffffff !important;border-radius: 5px !important;}\u00bb]<div id=\"ultimate-heading-514069d18ed71a75f\" class=\"uvc-heading ult-adjust-bottom-margin ultimate-heading-514069d18ed71a75f uvc-8677 \" data-hspacer=\"no_spacer\"  data-halign=\"center\" style=\"text-align:center\"><div class=\"uvc-heading-spacer no_spacer\" style=\"top\"><\/div><div class=\"uvc-main-heading ult-responsive\"  data-ultimate-target='.uvc-heading.ultimate-heading-514069d18ed71a75f h2'  data-responsive-json-new='{\"font-size\":\"\",\"line-height\":\"\"}' ><h2 style=\"font-weight:normal;color:#ff4c00;margin-bottom:2%;\">Planes con el Retorno de Inversi\u00f3n m\u00e1s alto<\/h2><\/div><\/div>[vc_column_text]<\/p>\n<p style=\"text-align: center;\">Creemos que todas las empresas para adultos deben invertir en su presencia en l\u00ednea para sobrevivir en este segmento mega competitivo. Por lo tanto, nuestro enfoque es proveer el mejor Retorno de Inversi\u00f3n para tu negocio y asegurarnos de que comiences a ganar dinero con tu inversi\u00f3n lo antes posible. Te aseguramos que ofrecemos las soluciones digitales m\u00e1s rentables del mercado para empresas para adultos.<\/p>\n<p style=\"text-align: center;\">Nos gustar\u00eda decirte que ser\u00eda lo mejor para tu negocio en l\u00ednea si te asocias con nosotros desde el comienzo. Usaremos nuestra experiencia digital para darle a tu negocio la ventaja que necesitas.<\/p>\n<p>[\/vc_column_text][\/vc_column][\/vc_row][vc_row][vc_column][vc_cta h2=\u00bbEnv\u00edanos un correo electr\u00f3nico a care@adultseo.net, o \u00bb add_button=\u00bbright\u00bb btn_title=\u00bbEnviar correo\u00bb btn_color=\u00bbblack\u00bb btn_link=\u00bburl:mailto%3Acare%40adultseo.net\u00bb]ponte en contacto con nosotros a trav\u00e9s de WhatsApp o a trav\u00e9s del chat en vivo y recibe tu cotizaci\u00f3n personalizada hoy mismo.[\/vc_cta][\/vc_column][\/vc_row][vc_row bg_type=\u00bbimage\u00bb parallax_style=\u00bbvcpb-default\u00bb bg_image_new=\u00bbid^24205|url^https:\/\/adultseo.net\/wp-content\/uploads\/2021\/05\/seo-bg.jpg|caption^null|alt^null|title^seo bg|description^null\u00bb bg_image_repeat=\u00bbno-repeat\u00bb bg_override=\u00bbex-full\u00bb css=\u00bb.vc_custom_1619952729035{margin-top: 35px !important;padding-top: 50px !important;padding-bottom: 50px !important;}\u00bb][vc_column width=\u00bb1\/6&#8243;][\/vc_column][vc_column width=\u00bb2\/3&#8243; css=\u00bb.vc_custom_1619949611375{padding-top: 5% !important;padding-right: 5% !important;padding-bottom: 5% !important;padding-left: 5% !important;background-color: #f7f7f7 !important;}\u00bb]<div id=\"ultimate-heading-983069d18ed71a7a2\" class=\"uvc-heading ult-adjust-bottom-margin ultimate-heading-983069d18ed71a7a2 uvc-3895 \" data-hspacer=\"no_spacer\"  data-halign=\"center\" style=\"text-align:center\"><div class=\"uvc-heading-spacer no_spacer\" style=\"top\"><\/div><div class=\"uvc-main-heading ult-responsive\"  data-ultimate-target='.uvc-heading.ultimate-heading-983069d18ed71a7a2 h2'  data-responsive-json-new='{\"font-size\":\"desktop:26px;\",\"line-height\":\"desktop:36px;\"}' ><h2 style=\"font-weight:normal;margin-bottom:2%;\">Cu\u00e9ntenos sus requisitos<\/h2><\/div><\/div><div class=\"wpforms-container wpforms-container-full\" id=\"wpforms-24439\"><form id=\"wpforms-form-24439\" class=\"wpforms-validate wpforms-form\" data-formid=\"24439\" method=\"post\" enctype=\"multipart\/form-data\" action=\"\/es\/wp-json\/wp\/v2\/pages\/24512\"><noscript class=\"wpforms-error-noscript\">Por favor, activa JavaScript en tu navegador para completar este formulario.<\/noscript><div class=\"wpforms-field-container\"><div id=\"wpforms-24439-field_5-container\" class=\"wpforms-field wpforms-field-url\" data-field-id=\"5\"><label class=\"wpforms-field-label\" for=\"wpforms-24439-field_5\">Sitio web <span class=\"wpforms-required-label\">*<\/span><\/label><input type=\"url\" id=\"wpforms-24439-field_5\" class=\"wpforms-field-large wpforms-field-required\" name=\"wpforms[fields][5]\" placeholder=\"www.your-website.com\" required><\/div><div id=\"wpforms-24439-field_0-container\" class=\"wpforms-field wpforms-field-name wpforms-one-half wpforms-first\" data-field-id=\"0\"><label class=\"wpforms-field-label\" for=\"wpforms-24439-field_0\">Nombre <span class=\"wpforms-required-label\">*<\/span><\/label><input type=\"text\" id=\"wpforms-24439-field_0\" class=\"wpforms-field-large wpforms-field-required\" name=\"wpforms[fields][0]\" required><\/div><div id=\"wpforms-24439-field_2-container\" class=\"wpforms-field wpforms-field-email wpforms-one-half\" data-field-id=\"2\"><label class=\"wpforms-field-label\" for=\"wpforms-24439-field_2\">Email <span class=\"wpforms-required-label\">*<\/span><\/label><input type=\"email\" id=\"wpforms-24439-field_2\" class=\"wpforms-field-large wpforms-field-required\" name=\"wpforms[fields][2]\" required><\/div><div id=\"wpforms-24439-field_4-container\" class=\"wpforms-field wpforms-field-textarea\" data-field-id=\"4\"><label class=\"wpforms-field-label\" for=\"wpforms-24439-field_4\">Detalles<\/label><textarea id=\"wpforms-24439-field_4\" class=\"wpforms-field-small\" name=\"wpforms[fields][4]\" ><\/textarea><\/div><div id=\"wpforms-24439-field_7-container\" class=\"wpforms-field wpforms-field-captcha\" data-field-id=\"7\"><label class=\"wpforms-field-label\" for=\"wpforms-24439-field_7\">Captcha <span class=\"wpforms-required-label\">*<\/span><\/label>\t\t\t<div class=\"wpforms-captcha-math\">\n\t\t\t\t<span class=\"wpforms-captcha-equation\">\n\t\t\t\t\t<span class=\"n1\"><\/span>\n\t\t\t\t\t<span class=\"cal\"><\/span>\n\t\t\t\t\t<span class=\"n2\"><\/span>\n\t\t\t\t\t<span class=\"e\">=<\/span>\n\t\t\t\t<\/span>\n\t\t\t\t<input type=\"text\" id=\"wpforms-24439-field_7\" class=\"wpforms-field-medium wpforms-field-required a\" data-rule-wpf-captcha=\"math\" name=\"wpforms[fields][7][a]\" required>\t\t\t\t<input type=\"hidden\" name=\"wpforms[fields][7][cal]\" class=\"cal\">\n\t\t\t\t<input type=\"hidden\" name=\"wpforms[fields][7][n2]\" class=\"n2\">\n\t\t\t\t<input type=\"hidden\" name=\"wpforms[fields][7][n1]\" class=\"n1\">\n\t\t\t<\/div>\n\t\t\t<\/div><\/div><div class=\"wpforms-field wpforms-field-hp\"><label for=\"wpforms-24439-field-hp\" class=\"wpforms-field-label\">Comment<\/label><input type=\"text\" name=\"wpforms[hp]\" id=\"wpforms-24439-field-hp\" class=\"wpforms-field-medium\"><\/div><div class=\"wpforms-submit-container\" ><input type=\"hidden\" name=\"wpforms[id]\" value=\"24439\"><input type=\"hidden\" name=\"wpforms[author]\" value=\"1\"><button type=\"submit\" name=\"wpforms[submit]\" class=\"wpforms-submit \" id=\"wpforms-submit-24439\" value=\"wpforms-submit\" aria-live=\"assertive\" data-alt-text=\"Sending...\" data-submit-text=\"Aqu\u00ed de un experto\">Aqu\u00ed de un experto<\/button><\/div><\/form><\/div>  <!-- .wpforms-container --><div><\/div>[\/vc_column][vc_column width=\u00bb1\/6&#8243;][\/vc_column][\/vc_row]<\/p>\n<\/div>","protected":false},"excerpt":{"rendered":"<p>[vc_row content_placement=\u00bbmiddle\u00bb bg_type=\u00bbbg_color\u00bb bg_override=\u00bbex-full\u00bb bg_color_value=\u00bb#f7f7f7&#8243;][vc_column width=\u00bb2\/3&#8243;][vc_column_text]Cada negocio en l\u00ednea tiene sus requisitos \u00fanicos y propios. Algunos clientes acuden a nosotros para construir un negocio desde cero. Por otro lado, otros acuden a nosotros para llevar sus estancados negocios para adultos al siguiente nivel. Luego, algunos quieren una renovaci\u00f3n completa de su presencia en l\u00ednea. Y &#8230; <a title=\"Pricing\" class=\"read-more\" href=\"https:\/\/adultseo.net\/es\/precios\/\" aria-label=\"Leer m\u00e1s sobre Pricing\">Leer m\u00e1s<\/a><\/p>\n","protected":false},"author":1,"featured_media":0,"parent":0,"menu_order":0,"comment_status":"closed","ping_status":"closed","template":"","meta":{"footnotes":""},"class_list":["post-24512","page","type-page","status-publish"],"yoast_head":"<!-- This site is optimized with the Yoast SEO plugin v27.3 - https:\/\/yoast.com\/product\/yoast-seo-wordpress\/ -->\n<title>Precios y estimaci\u00f3n de costes del proyecto: AdultSEO.net<\/title>\n<meta name=\"description\" content=\"Entendemos su modelo de negocio y sus planes de marketing. Despu\u00e9s dise\u00f1amos el plan m\u00e1s adecuado para usted, teniendo en cuenta sus necesidades, objetivos y limitaciones.\" \/>\n<meta name=\"robots\" content=\"index, follow, max-snippet:-1, max-image-preview:large, max-video-preview:-1\" \/>\n<link rel=\"canonical\" href=\"https:\/\/adultseo.net\/es\/precios\/\" \/>\n<meta property=\"og:locale\" content=\"es_ES\" \/>\n<meta property=\"og:type\" content=\"article\" \/>\n<meta property=\"og:title\" content=\"Precios y estimaci\u00f3n de costes del proyecto: AdultSEO.net\" \/>\n<meta property=\"og:description\" content=\"Entendemos su modelo de negocio y sus planes de marketing. Despu\u00e9s dise\u00f1amos el plan m\u00e1s adecuado para usted, teniendo en cuenta sus necesidades, objetivos y limitaciones.\" \/>\n<meta property=\"og:url\" content=\"https:\/\/adultseo.net\/es\/precios\/\" \/>\n<meta property=\"og:site_name\" content=\"Adult SEO\" \/>\n<meta property=\"article:modified_time\" content=\"2021-05-13T00:06:38+00:00\" \/>\n<meta name=\"twitter:card\" content=\"summary_large_image\" \/>\n<meta name=\"twitter:label1\" content=\"Tiempo de lectura\" \/>\n\t<meta name=\"twitter:data1\" content=\"2 minutos\" \/>\n<script type=\"application\/ld+json\" class=\"yoast-schema-graph\">{\"@context\":\"https:\\\/\\\/schema.org\",\"@graph\":[{\"@type\":\"WebPage\",\"@id\":\"https:\\\/\\\/adultseo.net\\\/es\\\/precios\\\/\",\"url\":\"https:\\\/\\\/adultseo.net\\\/es\\\/precios\\\/\",\"name\":\"Precios y estimaci\u00f3n de costes del proyecto: AdultSEO.net\",\"isPartOf\":{\"@id\":\"https:\\\/\\\/adultseo.net\\\/es\\\/#website\"},\"datePublished\":\"2020-03-15T10:35:34+00:00\",\"dateModified\":\"2021-05-13T00:06:38+00:00\",\"description\":\"Entendemos su modelo de negocio y sus planes de marketing. Despu\u00e9s dise\u00f1amos el plan m\u00e1s adecuado para usted, teniendo en cuenta sus necesidades, objetivos y limitaciones.\",\"breadcrumb\":{\"@id\":\"https:\\\/\\\/adultseo.net\\\/es\\\/precios\\\/#breadcrumb\"},\"inLanguage\":\"es\",\"potentialAction\":[{\"@type\":\"ReadAction\",\"target\":[\"https:\\\/\\\/adultseo.net\\\/es\\\/precios\\\/\"]}]},{\"@type\":\"BreadcrumbList\",\"@id\":\"https:\\\/\\\/adultseo.net\\\/es\\\/precios\\\/#breadcrumb\",\"itemListElement\":[{\"@type\":\"ListItem\",\"position\":1,\"name\":\"Home\",\"item\":\"https:\\\/\\\/adultseo.net\\\/es\\\/\"},{\"@type\":\"ListItem\",\"position\":2,\"name\":\"Pricing\"}]},{\"@type\":\"WebSite\",\"@id\":\"https:\\\/\\\/adultseo.net\\\/es\\\/#website\",\"url\":\"https:\\\/\\\/adultseo.net\\\/es\\\/\",\"name\":\"Adult SEO\",\"description\":\"Adult SEO Services\",\"publisher\":{\"@id\":\"https:\\\/\\\/adultseo.net\\\/es\\\/#organization\"},\"potentialAction\":[{\"@type\":\"SearchAction\",\"target\":{\"@type\":\"EntryPoint\",\"urlTemplate\":\"https:\\\/\\\/adultseo.net\\\/es\\\/?s={search_term_string}\"},\"query-input\":{\"@type\":\"PropertyValueSpecification\",\"valueRequired\":true,\"valueName\":\"search_term_string\"}}],\"inLanguage\":\"es\"},{\"@type\":\"Organization\",\"@id\":\"https:\\\/\\\/adultseo.net\\\/es\\\/#organization\",\"name\":\"Adult SEO\",\"url\":\"https:\\\/\\\/adultseo.net\\\/es\\\/\",\"logo\":{\"@type\":\"ImageObject\",\"inLanguage\":\"es\",\"@id\":\"https:\\\/\\\/adultseo.net\\\/es\\\/#\\\/schema\\\/logo\\\/image\\\/\",\"url\":\"https:\\\/\\\/adultseo.net\\\/wp-content\\\/uploads\\\/2020\\\/03\\\/adultseo_logo.png\",\"contentUrl\":\"https:\\\/\\\/adultseo.net\\\/wp-content\\\/uploads\\\/2020\\\/03\\\/adultseo_logo.png\",\"width\":250,\"height\":66,\"caption\":\"Adult SEO\"},\"image\":{\"@id\":\"https:\\\/\\\/adultseo.net\\\/es\\\/#\\\/schema\\\/logo\\\/image\\\/\"}}]}<\/script>\n<!-- \/ Yoast SEO plugin. -->","yoast_head_json":{"title":"Precios y estimaci\u00f3n de costes del proyecto: AdultSEO.net","description":"Entendemos su modelo de negocio y sus planes de marketing. Despu\u00e9s dise\u00f1amos el plan m\u00e1s adecuado para usted, teniendo en cuenta sus necesidades, objetivos y limitaciones.","robots":{"index":"index","follow":"follow","max-snippet":"max-snippet:-1","max-image-preview":"max-image-preview:large","max-video-preview":"max-video-preview:-1"},"canonical":"https:\/\/adultseo.net\/es\/precios\/","og_locale":"es_ES","og_type":"article","og_title":"Precios y estimaci\u00f3n de costes del proyecto: AdultSEO.net","og_description":"Entendemos su modelo de negocio y sus planes de marketing. Despu\u00e9s dise\u00f1amos el plan m\u00e1s adecuado para usted, teniendo en cuenta sus necesidades, objetivos y limitaciones.","og_url":"https:\/\/adultseo.net\/es\/precios\/","og_site_name":"Adult SEO","article_modified_time":"2021-05-13T00:06:38+00:00","twitter_card":"summary_large_image","twitter_misc":{"Tiempo de lectura":"2 minutos"},"schema":{"@context":"https:\/\/schema.org","@graph":[{"@type":"WebPage","@id":"https:\/\/adultseo.net\/es\/precios\/","url":"https:\/\/adultseo.net\/es\/precios\/","name":"Precios y estimaci\u00f3n de costes del proyecto: AdultSEO.net","isPartOf":{"@id":"https:\/\/adultseo.net\/es\/#website"},"datePublished":"2020-03-15T10:35:34+00:00","dateModified":"2021-05-13T00:06:38+00:00","description":"Entendemos su modelo de negocio y sus planes de marketing. Despu\u00e9s dise\u00f1amos el plan m\u00e1s adecuado para usted, teniendo en cuenta sus necesidades, objetivos y limitaciones.","breadcrumb":{"@id":"https:\/\/adultseo.net\/es\/precios\/#breadcrumb"},"inLanguage":"es","potentialAction":[{"@type":"ReadAction","target":["https:\/\/adultseo.net\/es\/precios\/"]}]},{"@type":"BreadcrumbList","@id":"https:\/\/adultseo.net\/es\/precios\/#breadcrumb","itemListElement":[{"@type":"ListItem","position":1,"name":"Home","item":"https:\/\/adultseo.net\/es\/"},{"@type":"ListItem","position":2,"name":"Pricing"}]},{"@type":"WebSite","@id":"https:\/\/adultseo.net\/es\/#website","url":"https:\/\/adultseo.net\/es\/","name":"Adult SEO","description":"Adult SEO Services","publisher":{"@id":"https:\/\/adultseo.net\/es\/#organization"},"potentialAction":[{"@type":"SearchAction","target":{"@type":"EntryPoint","urlTemplate":"https:\/\/adultseo.net\/es\/?s={search_term_string}"},"query-input":{"@type":"PropertyValueSpecification","valueRequired":true,"valueName":"search_term_string"}}],"inLanguage":"es"},{"@type":"Organization","@id":"https:\/\/adultseo.net\/es\/#organization","name":"Adult SEO","url":"https:\/\/adultseo.net\/es\/","logo":{"@type":"ImageObject","inLanguage":"es","@id":"https:\/\/adultseo.net\/es\/#\/schema\/logo\/image\/","url":"https:\/\/adultseo.net\/wp-content\/uploads\/2020\/03\/adultseo_logo.png","contentUrl":"https:\/\/adultseo.net\/wp-content\/uploads\/2020\/03\/adultseo_logo.png","width":250,"height":66,"caption":"Adult SEO"},"image":{"@id":"https:\/\/adultseo.net\/es\/#\/schema\/logo\/image\/"}}]}},"_links":{"self":[{"href":"https:\/\/adultseo.net\/es\/wp-json\/wp\/v2\/pages\/24512","targetHints":{"allow":["GET"]}}],"collection":[{"href":"https:\/\/adultseo.net\/es\/wp-json\/wp\/v2\/pages"}],"about":[{"href":"https:\/\/adultseo.net\/es\/wp-json\/wp\/v2\/types\/page"}],"author":[{"embeddable":true,"href":"https:\/\/adultseo.net\/es\/wp-json\/wp\/v2\/users\/1"}],"replies":[{"embeddable":true,"href":"https:\/\/adultseo.net\/es\/wp-json\/wp\/v2\/comments?post=24512"}],"version-history":[{"count":0,"href":"https:\/\/adultseo.net\/es\/wp-json\/wp\/v2\/pages\/24512\/revisions"}],"wp:attachment":[{"href":"https:\/\/adultseo.net\/es\/wp-json\/wp\/v2\/media?parent=24512"}],"curies":[{"name":"wp","href":"https:\/\/api.w.org\/{rel}","templated":true}]}}