{"id":24494,"date":"2020-03-14T12:23:43","date_gmt":"2020-03-14T12:23:43","guid":{"rendered":"https:\/\/adultseo.net\/contact-us\/"},"modified":"2021-05-13T00:11:30","modified_gmt":"2021-05-13T00:11:30","slug":"contactenos","status":"publish","type":"page","link":"https:\/\/adultseo.net\/es\/contactenos\/","title":{"rendered":"Contact Us"},"content":{"rendered":"<div class=\"wpb-content-wrapper\"><p>[vc_row bg_type=\u00bbbg_color\u00bb bg_override=\u00bbex-full\u00bb bg_color_value=\u00bb#e6e7e9&#8243;][vc_column]<div id=\"ultimate-heading-130669de89561cb08\" class=\"uvc-heading ult-adjust-bottom-margin ultimate-heading-130669de89561cb08 uvc-394 \" data-hspacer=\"no_spacer\"  data-halign=\"left\" style=\"text-align:left\"><div class=\"uvc-heading-spacer no_spacer\" style=\"top\"><\/div><div class=\"uvc-main-heading ult-responsive\"  data-ultimate-target='.uvc-heading.ultimate-heading-130669de89561cb08 h1'  data-responsive-json-new='{\"font-size\":\"desktop:40px;\",\"line-height\":\"\"}' ><h1 style=\"font-weight:normal;color:#ff4c00;margin-bottom:35px;\">\u00a1Ponerse en contacto! \u00a1Estamos aqu\u00ed para ayudar!<\/h1><\/div><\/div>[\/vc_column][\/vc_row][vc_row][vc_column width=\u00bb1\/2&#8243;][vc_column_text]Ponerse en contacto no le costar\u00e1 nada, pero la informaci\u00f3n de un experto en SEO para adultos puede encaminarlo hacia el \u00e9xito La transparencia es una de las prioridades de nuestra agencia de SEO para adultos, y lo que prometemos, \u00a1lo cumplimos!<\/p>\n<p>En caso de que tenga alguna consulta que desee que abordemos, puede ponerse en contacto con nosotros a trav\u00e9s de una variedad de modos y le responderemos en el menor tiempo posible.[\/vc_column_text]<div class=\"aio-icon-component    style_2\"><div id=\"Info-box-wrap-4180\" class=\"aio-icon-box left-icon\" style=\"\"  ><div class=\"aio-icon-left\"><div class=\"ult-just-icon-wrapper  \"><div class=\"align-icon\" style=\"text-align:center;\">\n<div class=\"aio-icon none \"  style=\"color:#333;font-size:32px;display:inline-block;\">\n\t<i class=\"custom_icon-envelop\"><\/i>\n<\/div><\/div><\/div><\/div><div class=\"aio-ibd-block\"><div class=\"aio-icon-header\" ><h3 class=\"aio-icon-title ult-responsive\"  data-ultimate-target='#Info-box-wrap-4180 .aio-icon-title'  data-responsive-json-new='{\"font-size\":\"\",\"line-height\":\"\"}'  style=\"\">Email<\/h3><\/div> <!-- header --><div class=\"aio-icon-description ult-responsive\"  data-ultimate-target='#Info-box-wrap-4180 .aio-icon-description'  data-responsive-json-new='{\"font-size\":\"\",\"line-height\":\"\"}'  style=\"\"><a href=\"mailto:contact@adultseo.net\">contact@adultseo.net<\/a><\/div> <!-- description --><\/div> <!-- aio-ibd-block --><\/div> <!-- aio-icon-box --><\/div> <!-- aio-icon-component --><div class=\"aio-icon-component    style_2\"><div id=\"Info-box-wrap-3094\" class=\"aio-icon-box left-icon\" style=\"\"  ><div class=\"aio-icon-left\"><div class=\"ult-just-icon-wrapper  \"><div class=\"align-icon\" style=\"text-align:center;\">\n<div class=\"aio-icon none \"  style=\"color:#333;font-size:32px;display:inline-block;\">\n\t<i class=\"custom_icon-whatsapp\"><\/i>\n<\/div><\/div><\/div><\/div><div class=\"aio-ibd-block\"><div class=\"aio-icon-header\" ><h3 class=\"aio-icon-title ult-responsive\"  data-ultimate-target='#Info-box-wrap-3094 .aio-icon-title'  data-responsive-json-new='{\"font-size\":\"\",\"line-height\":\"\"}'  style=\"\">WhatsApp<\/h3><\/div> <!-- header --><div class=\"aio-icon-description ult-responsive\"  data-ultimate-target='#Info-box-wrap-3094 .aio-icon-description'  data-responsive-json-new='{\"font-size\":\"\",\"line-height\":\"\"}'  style=\"\"><a href=\"https:\/\/wa.me\/+16085710081\">+1 (608) 571-0081<\/a><\/div> <!-- description --><\/div> <!-- aio-ibd-block --><\/div> <!-- aio-icon-box --><\/div> <!-- aio-icon-component --><div class=\"aio-icon-component    style_2\"><div id=\"Info-box-wrap-9224\" class=\"aio-icon-box left-icon\" style=\"\"  ><div class=\"aio-icon-left\"><div class=\"ult-just-icon-wrapper  \"><div class=\"align-icon\" style=\"text-align:center;\">\n<div class=\"aio-icon none \"  style=\"color:#333;font-size:32px;display:inline-block;\">\n\t<i class=\"custom_icon-skype\"><\/i>\n<\/div><\/div><\/div><\/div><div class=\"aio-ibd-block\"><div class=\"aio-icon-header\" ><h3 class=\"aio-icon-title ult-responsive\"  data-ultimate-target='#Info-box-wrap-9224 .aio-icon-title'  data-responsive-json-new='{\"font-size\":\"\",\"line-height\":\"\"}'  style=\"\">Skype<\/h3><\/div> <!-- header --><div class=\"aio-icon-description ult-responsive\"  data-ultimate-target='#Info-box-wrap-9224 .aio-icon-description'  data-responsive-json-new='{\"font-size\":\"\",\"line-height\":\"\"}'  style=\"\"><a href=\"skype:example123?chat\">Skypeid<\/a><\/div> <!-- description --><\/div> <!-- aio-ibd-block --><\/div> <!-- aio-icon-box --><\/div> <!-- aio-icon-component -->[\/vc_column][vc_column width=\u00bb1\/2&#8243;]<div class=\"wpforms-container wpforms-container-full\" id=\"wpforms-24541\"><form id=\"wpforms-form-24541\" class=\"wpforms-validate wpforms-form\" data-formid=\"24541\" method=\"post\" enctype=\"multipart\/form-data\" action=\"\/es\/wp-json\/wp\/v2\/pages\/24494\"><noscript class=\"wpforms-error-noscript\">Por favor, activa JavaScript en tu navegador para completar este formulario.<\/noscript><div class=\"wpforms-field-container\"><div id=\"wpforms-24541-field_0-container\" class=\"wpforms-field wpforms-field-name\" data-field-id=\"0\"><label class=\"wpforms-field-label\" for=\"wpforms-24541-field_0\">Nombre <span class=\"wpforms-required-label\">*<\/span><\/label><input type=\"text\" id=\"wpforms-24541-field_0\" class=\"wpforms-field-large wpforms-field-required\" name=\"wpforms[fields][0]\" required><\/div><div id=\"wpforms-24541-field_2-container\" class=\"wpforms-field wpforms-field-email\" data-field-id=\"2\"><label class=\"wpforms-field-label\" for=\"wpforms-24541-field_2\">Email <span class=\"wpforms-required-label\">*<\/span><\/label><input type=\"email\" id=\"wpforms-24541-field_2\" class=\"wpforms-field-large wpforms-field-required\" name=\"wpforms[fields][2]\" required><\/div><div id=\"wpforms-24541-field_1-container\" class=\"wpforms-field wpforms-field-text\" data-field-id=\"1\"><label class=\"wpforms-field-label\" for=\"wpforms-24541-field_1\">Sujeto<\/label><input type=\"text\" id=\"wpforms-24541-field_1\" class=\"wpforms-field-large\" name=\"wpforms[fields][1]\" ><\/div><div id=\"wpforms-24541-field_3-container\" class=\"wpforms-field wpforms-field-phone\" data-field-id=\"3\"><label class=\"wpforms-field-label\" for=\"wpforms-24541-field_3\">Tel\u00e9fono <span class=\"wpforms-required-label\">*<\/span><\/label><input type=\"tel\" id=\"wpforms-24541-field_3\" class=\"wpforms-field-large wpforms-field-required wpforms-smart-phone-field\" data-rule-smart-phone-field=\"true\" name=\"wpforms[fields][3]\" required><\/div><div id=\"wpforms-24541-field_4-container\" class=\"wpforms-field wpforms-field-textarea\" data-field-id=\"4\"><label class=\"wpforms-field-label\" for=\"wpforms-24541-field_4\">Mensaje <span class=\"wpforms-required-label\">*<\/span><\/label><textarea id=\"wpforms-24541-field_4\" class=\"wpforms-field-small wpforms-field-required\" name=\"wpforms[fields][4]\" required><\/textarea><\/div><div id=\"wpforms-24541-field_5-container\" class=\"wpforms-field wpforms-field-captcha\" data-field-id=\"5\"><label class=\"wpforms-field-label\" for=\"wpforms-24541-field_5\">Captcha <span class=\"wpforms-required-label\">*<\/span><\/label>\t\t\t<div class=\"wpforms-captcha-math\">\n\t\t\t\t<span class=\"wpforms-captcha-equation\">\n\t\t\t\t\t<span class=\"n1\"><\/span>\n\t\t\t\t\t<span class=\"cal\"><\/span>\n\t\t\t\t\t<span class=\"n2\"><\/span>\n\t\t\t\t\t<span class=\"e\">=<\/span>\n\t\t\t\t<\/span>\n\t\t\t\t<input type=\"text\" id=\"wpforms-24541-field_5\" class=\"wpforms-field-medium wpforms-field-required a\" data-rule-wpf-captcha=\"math\" name=\"wpforms[fields][5][a]\" required>\t\t\t\t<input type=\"hidden\" name=\"wpforms[fields][5][cal]\" class=\"cal\">\n\t\t\t\t<input type=\"hidden\" name=\"wpforms[fields][5][n2]\" class=\"n2\">\n\t\t\t\t<input type=\"hidden\" name=\"wpforms[fields][5][n1]\" class=\"n1\">\n\t\t\t<\/div>\n\t\t\t<\/div><\/div><div class=\"wpforms-field wpforms-field-hp\"><label for=\"wpforms-24541-field-hp\" class=\"wpforms-field-label\">Message<\/label><input type=\"text\" name=\"wpforms[hp]\" id=\"wpforms-24541-field-hp\" class=\"wpforms-field-medium\"><\/div><div class=\"wpforms-submit-container\" ><input type=\"hidden\" name=\"wpforms[id]\" value=\"24541\"><input type=\"hidden\" name=\"wpforms[author]\" value=\"1\"><button type=\"submit\" name=\"wpforms[submit]\" class=\"wpforms-submit \" id=\"wpforms-submit-24541\" value=\"wpforms-submit\" aria-live=\"assertive\" data-alt-text=\"Sending...\" data-submit-text=\"Enviar\">Enviar<\/button><\/div><\/form><\/div>  <!-- .wpforms-container --><div><\/div>[\/vc_column][\/vc_row][vc_row][vc_column]<div id=\"ultimate-heading-85669de89561d1a8\" class=\"uvc-heading ult-adjust-bottom-margin ultimate-heading-85669de89561d1a8 uvc-9200 \" data-hspacer=\"no_spacer\"  data-halign=\"left\" style=\"text-align:left\"><div class=\"uvc-heading-spacer no_spacer\" style=\"top\"><\/div><div class=\"uvc-main-heading ult-responsive\"  data-ultimate-target='.uvc-heading.ultimate-heading-85669de89561d1a8 h3'  data-responsive-json-new='{\"font-size\":\"\",\"line-height\":\"\"}' ><h3 style=\"font-weight:normal;margin-bottom:2%;\">\u00bfQui\u00e9n puede contactar con nosotros?<\/h3><\/div><\/div>[vc_column_text]Ya sea que sea un webmaster para adultos, un animador para adultos, el propietario de una agencia de acompa\u00f1antes, un sitio de comercio electr\u00f3nico para adultos, un modelo \/ acompa\u00f1ante independiente o simplemente alguien que se est\u00e1 iniciando en esta industria, lo tenemos cubierto como lo hemos hecho antes. ! Manejamos todo tipo de requisitos, incluido SEO para sitios web para adultos, creaci\u00f3n de enlaces para adultos y corretaje, marketing por correo electr\u00f3nico, dise\u00f1o web para adultos, redes sociales, etc.[\/vc_column_text]<div id=\"ultimate-heading-946869de89561d1e8\" class=\"uvc-heading ult-adjust-bottom-margin ultimate-heading-946869de89561d1e8 uvc-3676 \" data-hspacer=\"no_spacer\"  data-halign=\"left\" style=\"text-align:left\"><div class=\"uvc-heading-spacer no_spacer\" style=\"top\"><\/div><div class=\"uvc-main-heading ult-responsive\"  data-ultimate-target='.uvc-heading.ultimate-heading-946869de89561d1e8 h3'  data-responsive-json-new='{\"font-size\":\"\",\"line-height\":\"\"}' ><h3 style=\"font-weight:normal;margin-bottom:2%;\">Soluciones SEO para adultos personalizadas para usted<\/h3><\/div><\/div>[vc_column_text]Simplemente comun\u00edquese con nosotros y nuestro gerente de relaciones elaborar\u00e1 un paquete de SEO para adultos para cumplir con todos sus objetivos, teniendo en cuenta las limitaciones que se aplican a su caso particular. Definiremos resultados claros, concisos y medibles para que sepa exactamente qu\u00e9 obtendr\u00e1. Una vez que reciba nuestra propuesta, t\u00f3mese su tiempo para comunicarse con nosotros y responderemos todas y cada una de sus consultas para asegurarnos de que estamos en la misma p\u00e1gina.[\/vc_column_text]<div id=\"ultimate-heading-213769de89561d214\" class=\"uvc-heading ult-adjust-bottom-margin ultimate-heading-213769de89561d214 uvc-5674 \" data-hspacer=\"no_spacer\"  data-halign=\"left\" style=\"text-align:left\"><div class=\"uvc-heading-spacer no_spacer\" style=\"top\"><\/div><div class=\"uvc-main-heading ult-responsive\"  data-ultimate-target='.uvc-heading.ultimate-heading-213769de89561d214 h3'  data-responsive-json-new='{\"font-size\":\"\",\"line-height\":\"\"}' ><h3 style=\"font-weight:normal;margin-bottom:2%;\">\u00a1Siempre estamos atentos a proyectos desafiantes!<\/h3><\/div><\/div>[vc_column_text]Si tiene alguna idea en mente que sea diferente en alcance a las categor\u00edas dadas en nuestro sitio web, entonces nos encantar\u00eda que enumerara sus requisitos y veremos qu\u00e9 podemos ofrecerle. \u00a1Siempre estamos buscando expandir nuestros horizontes y capacidades![\/vc_column_text][\/vc_column][\/vc_row]<\/p>\n<\/div>","protected":false},"excerpt":{"rendered":"<p>[vc_row bg_type=\u00bbbg_color\u00bb bg_override=\u00bbex-full\u00bb bg_color_value=\u00bb#e6e7e9&#8243;][vc_column][\/vc_column][\/vc_row][vc_row][vc_column width=\u00bb1\/2&#8243;][vc_column_text]Ponerse en contacto no le costar\u00e1 nada, pero la informaci\u00f3n de un experto en SEO para adultos puede encaminarlo hacia el \u00e9xito La transparencia es una de las prioridades de nuestra agencia de SEO para adultos, y lo que prometemos, \u00a1lo cumplimos! En caso de que tenga alguna consulta que desee &#8230; <a title=\"Contact Us\" class=\"read-more\" href=\"https:\/\/adultseo.net\/es\/contactenos\/\" aria-label=\"Leer m\u00e1s sobre Contact Us\">Leer m\u00e1s<\/a><\/p>\n","protected":false},"author":1,"featured_media":0,"parent":0,"menu_order":0,"comment_status":"closed","ping_status":"closed","template":"","meta":{"footnotes":""},"class_list":["post-24494","page","type-page","status-publish"],"yoast_head":"<!-- This site is optimized with the Yoast SEO plugin v27.3 - https:\/\/yoast.com\/product\/yoast-seo-wordpress\/ -->\n<title>\u00a1Cont\u00e1ctenos! | Soporte 24x7 | AdultSEO.net<\/title>\n<meta name=\"description\" content=\"Reach out to us, and our relationship manager will work out an adult SEO package to fulfill all your objectives, keeping in mind the constraints that apply to your particular case.\" \/>\n<meta name=\"robots\" content=\"index, follow, max-snippet:-1, max-image-preview:large, max-video-preview:-1\" \/>\n<link rel=\"canonical\" href=\"https:\/\/adultseo.net\/es\/contactenos\/\" \/>\n<meta property=\"og:locale\" content=\"es_ES\" \/>\n<meta property=\"og:type\" content=\"article\" \/>\n<meta property=\"og:title\" content=\"\u00a1Cont\u00e1ctenos! | Soporte 24x7 | AdultSEO.net\" \/>\n<meta property=\"og:description\" content=\"Reach out to us, and our relationship manager will work out an adult SEO package to fulfill all your objectives, keeping in mind the constraints that apply to your particular case.\" \/>\n<meta property=\"og:url\" content=\"https:\/\/adultseo.net\/es\/contactenos\/\" \/>\n<meta property=\"og:site_name\" content=\"Adult SEO\" \/>\n<meta property=\"article:modified_time\" content=\"2021-05-13T00:11:30+00:00\" \/>\n<meta name=\"twitter:card\" content=\"summary_large_image\" \/>\n<meta name=\"twitter:label1\" content=\"Tiempo de lectura\" \/>\n\t<meta name=\"twitter:data1\" content=\"2 minutos\" \/>\n<script type=\"application\/ld+json\" class=\"yoast-schema-graph\">{\"@context\":\"https:\\\/\\\/schema.org\",\"@graph\":[{\"@type\":\"WebPage\",\"@id\":\"https:\\\/\\\/adultseo.net\\\/es\\\/contactenos\\\/\",\"url\":\"https:\\\/\\\/adultseo.net\\\/es\\\/contactenos\\\/\",\"name\":\"\u00a1Cont\u00e1ctenos! | Soporte 24x7 | AdultSEO.net\",\"isPartOf\":{\"@id\":\"https:\\\/\\\/adultseo.net\\\/es\\\/#website\"},\"datePublished\":\"2020-03-14T12:23:43+00:00\",\"dateModified\":\"2021-05-13T00:11:30+00:00\",\"description\":\"Reach out to us, and our relationship manager will work out an adult SEO package to fulfill all your objectives, keeping in mind the constraints that apply to your particular case.\",\"breadcrumb\":{\"@id\":\"https:\\\/\\\/adultseo.net\\\/es\\\/contactenos\\\/#breadcrumb\"},\"inLanguage\":\"es\",\"potentialAction\":[{\"@type\":\"ReadAction\",\"target\":[\"https:\\\/\\\/adultseo.net\\\/es\\\/contactenos\\\/\"]}]},{\"@type\":\"BreadcrumbList\",\"@id\":\"https:\\\/\\\/adultseo.net\\\/es\\\/contactenos\\\/#breadcrumb\",\"itemListElement\":[{\"@type\":\"ListItem\",\"position\":1,\"name\":\"Home\",\"item\":\"https:\\\/\\\/adultseo.net\\\/es\\\/\"},{\"@type\":\"ListItem\",\"position\":2,\"name\":\"Contact Us\"}]},{\"@type\":\"WebSite\",\"@id\":\"https:\\\/\\\/adultseo.net\\\/es\\\/#website\",\"url\":\"https:\\\/\\\/adultseo.net\\\/es\\\/\",\"name\":\"Adult SEO\",\"description\":\"Adult SEO Services\",\"publisher\":{\"@id\":\"https:\\\/\\\/adultseo.net\\\/es\\\/#organization\"},\"potentialAction\":[{\"@type\":\"SearchAction\",\"target\":{\"@type\":\"EntryPoint\",\"urlTemplate\":\"https:\\\/\\\/adultseo.net\\\/es\\\/?s={search_term_string}\"},\"query-input\":{\"@type\":\"PropertyValueSpecification\",\"valueRequired\":true,\"valueName\":\"search_term_string\"}}],\"inLanguage\":\"es\"},{\"@type\":\"Organization\",\"@id\":\"https:\\\/\\\/adultseo.net\\\/es\\\/#organization\",\"name\":\"Adult SEO\",\"url\":\"https:\\\/\\\/adultseo.net\\\/es\\\/\",\"logo\":{\"@type\":\"ImageObject\",\"inLanguage\":\"es\",\"@id\":\"https:\\\/\\\/adultseo.net\\\/es\\\/#\\\/schema\\\/logo\\\/image\\\/\",\"url\":\"https:\\\/\\\/adultseo.net\\\/wp-content\\\/uploads\\\/2020\\\/03\\\/adultseo_logo.png\",\"contentUrl\":\"https:\\\/\\\/adultseo.net\\\/wp-content\\\/uploads\\\/2020\\\/03\\\/adultseo_logo.png\",\"width\":250,\"height\":66,\"caption\":\"Adult SEO\"},\"image\":{\"@id\":\"https:\\\/\\\/adultseo.net\\\/es\\\/#\\\/schema\\\/logo\\\/image\\\/\"}}]}<\/script>\n<!-- \/ Yoast SEO plugin. -->","yoast_head_json":{"title":"\u00a1Cont\u00e1ctenos! | Soporte 24x7 | AdultSEO.net","description":"Reach out to us, and our relationship manager will work out an adult SEO package to fulfill all your objectives, keeping in mind the constraints that apply to your particular case.","robots":{"index":"index","follow":"follow","max-snippet":"max-snippet:-1","max-image-preview":"max-image-preview:large","max-video-preview":"max-video-preview:-1"},"canonical":"https:\/\/adultseo.net\/es\/contactenos\/","og_locale":"es_ES","og_type":"article","og_title":"\u00a1Cont\u00e1ctenos! | Soporte 24x7 | AdultSEO.net","og_description":"Reach out to us, and our relationship manager will work out an adult SEO package to fulfill all your objectives, keeping in mind the constraints that apply to your particular case.","og_url":"https:\/\/adultseo.net\/es\/contactenos\/","og_site_name":"Adult SEO","article_modified_time":"2021-05-13T00:11:30+00:00","twitter_card":"summary_large_image","twitter_misc":{"Tiempo de lectura":"2 minutos"},"schema":{"@context":"https:\/\/schema.org","@graph":[{"@type":"WebPage","@id":"https:\/\/adultseo.net\/es\/contactenos\/","url":"https:\/\/adultseo.net\/es\/contactenos\/","name":"\u00a1Cont\u00e1ctenos! | Soporte 24x7 | AdultSEO.net","isPartOf":{"@id":"https:\/\/adultseo.net\/es\/#website"},"datePublished":"2020-03-14T12:23:43+00:00","dateModified":"2021-05-13T00:11:30+00:00","description":"Reach out to us, and our relationship manager will work out an adult SEO package to fulfill all your objectives, keeping in mind the constraints that apply to your particular case.","breadcrumb":{"@id":"https:\/\/adultseo.net\/es\/contactenos\/#breadcrumb"},"inLanguage":"es","potentialAction":[{"@type":"ReadAction","target":["https:\/\/adultseo.net\/es\/contactenos\/"]}]},{"@type":"BreadcrumbList","@id":"https:\/\/adultseo.net\/es\/contactenos\/#breadcrumb","itemListElement":[{"@type":"ListItem","position":1,"name":"Home","item":"https:\/\/adultseo.net\/es\/"},{"@type":"ListItem","position":2,"name":"Contact Us"}]},{"@type":"WebSite","@id":"https:\/\/adultseo.net\/es\/#website","url":"https:\/\/adultseo.net\/es\/","name":"Adult SEO","description":"Adult SEO Services","publisher":{"@id":"https:\/\/adultseo.net\/es\/#organization"},"potentialAction":[{"@type":"SearchAction","target":{"@type":"EntryPoint","urlTemplate":"https:\/\/adultseo.net\/es\/?s={search_term_string}"},"query-input":{"@type":"PropertyValueSpecification","valueRequired":true,"valueName":"search_term_string"}}],"inLanguage":"es"},{"@type":"Organization","@id":"https:\/\/adultseo.net\/es\/#organization","name":"Adult SEO","url":"https:\/\/adultseo.net\/es\/","logo":{"@type":"ImageObject","inLanguage":"es","@id":"https:\/\/adultseo.net\/es\/#\/schema\/logo\/image\/","url":"https:\/\/adultseo.net\/wp-content\/uploads\/2020\/03\/adultseo_logo.png","contentUrl":"https:\/\/adultseo.net\/wp-content\/uploads\/2020\/03\/adultseo_logo.png","width":250,"height":66,"caption":"Adult SEO"},"image":{"@id":"https:\/\/adultseo.net\/es\/#\/schema\/logo\/image\/"}}]}},"_links":{"self":[{"href":"https:\/\/adultseo.net\/es\/wp-json\/wp\/v2\/pages\/24494","targetHints":{"allow":["GET"]}}],"collection":[{"href":"https:\/\/adultseo.net\/es\/wp-json\/wp\/v2\/pages"}],"about":[{"href":"https:\/\/adultseo.net\/es\/wp-json\/wp\/v2\/types\/page"}],"author":[{"embeddable":true,"href":"https:\/\/adultseo.net\/es\/wp-json\/wp\/v2\/users\/1"}],"replies":[{"embeddable":true,"href":"https:\/\/adultseo.net\/es\/wp-json\/wp\/v2\/comments?post=24494"}],"version-history":[{"count":0,"href":"https:\/\/adultseo.net\/es\/wp-json\/wp\/v2\/pages\/24494\/revisions"}],"wp:attachment":[{"href":"https:\/\/adultseo.net\/es\/wp-json\/wp\/v2\/media?parent=24494"}],"curies":[{"name":"wp","href":"https:\/\/api.w.org\/{rel}","templated":true}]}}