{"id":24462,"date":"2020-03-15T09:56:35","date_gmt":"2020-03-15T09:56:35","guid":{"rendered":"https:\/\/adultseo.net\/dating-site-seo\/"},"modified":"2024-08-21T11:33:58","modified_gmt":"2024-08-21T11:33:58","slug":"seo-para-paginas-de-citas","status":"publish","type":"page","link":"https:\/\/adultseo.net\/es\/seo-para-paginas-de-citas\/","title":{"rendered":"Dating Site SEO"},"content":{"rendered":"<div class=\"wpb-content-wrapper\"><p>[vc_row bg_type=\u00bbbg_color\u00bb bg_override=\u00bbex-full\u00bb bg_color_value=\u00bb#f7f7f7&#8243;][vc_column width=\u00bb1\/2&#8243;]<div id=\"ultimate-heading-481669d19dc619787\" class=\"uvc-heading ult-adjust-bottom-margin ultimate-heading-481669d19dc619787 uvc-2965 \" data-hspacer=\"no_spacer\"  data-halign=\"left\" style=\"text-align:left\"><div class=\"uvc-heading-spacer no_spacer\" style=\"top\"><\/div><div class=\"uvc-main-heading ult-responsive\"  data-ultimate-target='.uvc-heading.ultimate-heading-481669d19dc619787 h2'  data-responsive-json-new='{\"font-size\":\"\",\"line-height\":\"\"}' ><h2 style=\"font-weight:bold;color:#ff4c00;margin-bottom:2%;\">Las citas se han trasladado a Internet<\/h2><\/div><\/div>[vc_column_text]\u00a1El mundo ha cambiado con la llegada de los tel\u00e9fonos inteligentes, las redes sociales y la inteligencia artificial! Las interacciones cara a cara se han reducido y las personas pasan m\u00e1s tiempo en l\u00ednea. Son historia pasada los d\u00edas en que los hombres usaban todos los trucos b\u00e1sicos, escrib\u00edan cartas de amor y sal\u00edan con damas para causar una buena impresi\u00f3n. Como todos estamos demasiado ocupados para aplicar los m\u00e9todos de la vieja escuela de cortejar al sexo opuesto, los sitios web y aplicaciones de citas est\u00e1n ganando tracci\u00f3n entre la poblaci\u00f3n, especialmente entre los hombres. Han surgido algunos protagonistas importantes, como Tinder y Grindr, aunque todav\u00eda queda mucho margen para nichos espec\u00edficos, especialmente en las citas de adultos.<\/p>\n<p>Antes de adentrarnos en nuestros servicios de marketing para sitios web de citas, nos gustar\u00eda darte algunos breves consejos sobre los factores que influyen en el \u00e9xito de un sitio web de citas para adultos. Si crees que tu sitio web carece de alguno de estos aspectos, no te preocupes, \u00a1has llegado al proveedor con los mejores expertos en dise\u00f1o web para adultos!<\/p>\n<p>El primer aspecto en el que debe centrarse tu sitio web es la seguridad y privacidad de datos; No debe haber ninguna falla en esto, ya que si los usuarios desconf\u00edan de ti, nunca compartir\u00e1n su informaci\u00f3n en tu sitio y tu negocio no podr\u00e1 despegar.<\/p>\n<p>El siguiente aspecto es una interfaz f\u00e1cil de usar, pues esto anima a los usuarios a permanecer en tu sitio web. Los usuarios deben encontrar la manera de compartir contenido f\u00e1cilmente, como fotos y videos, chatear entre ellos y, al mismo tiempo, tener la seguridad de su privacidad. Centrarse en estos aspectos conduce a una reducci\u00f3n en la tasa de rebote de tu sitio web de citas, y es fundamental para el SEO de citas para adultos.<\/p>\n<p>El tercer y m\u00e1s importante aspecto de las necesidades de tu negocio de citas en el que debes concentrarte es atraer a un gran n\u00famero de usuarios. Solo si los usuarios pueden encontrar algo de su agrado, se apegar\u00e1n a tu servicio; de lo contrario, \u00a1pasar\u00e1n al siguiente! Por lo tanto, necesitas un gran tr\u00e1fico a tu sitio web y una gran cantidad de visitantes para registrarse en tus servicios. Los servicios de promoci\u00f3n y SEO de sitios web de citas pueden ayudarte a impulsar el tr\u00e1fico y las tasas de conversi\u00f3n, pero solo si te asocias con un experto en SEO para adultos.[\/vc_column_text][\/vc_column][vc_column width=\u00bb1\/2&#8243;][vc_single_image image=\u00bb25466&#8243; img_size=\u00bbfull\u00bb alignment=\u00bbcenter\u00bb][vc_single_image image=\u00bb25473&#8243; img_size=\u00bbfull\u00bb alignment=\u00bbcenter\u00bb][\/vc_column][\/vc_row][vc_row content_placement=\u00bbmiddle\u00bb bg_type=\u00bbbg_color\u00bb bg_override=\u00bbex-full\u00bb bg_color_value=\u00bb#e6e7e9&#8243;][vc_column width=\u00bb1\/2&#8243;]<div id=\"ultimate-heading-995669d19dc6197dc\" class=\"uvc-heading ult-adjust-bottom-margin ultimate-heading-995669d19dc6197dc uvc-3969 \" data-hspacer=\"no_spacer\"  data-halign=\"left\" style=\"text-align:left\"><div class=\"uvc-heading-spacer no_spacer\" style=\"top\"><\/div><div class=\"uvc-main-heading ult-responsive\"  data-ultimate-target='.uvc-heading.ultimate-heading-995669d19dc6197dc h2'  data-responsive-json-new='{\"font-size\":\"\",\"line-height\":\"\"}' ><h2 style=\"font-weight:normal;color:#ff4c00;\">SEO y Link Building para Sitios web de Citas<\/h2><\/div><div class=\"uvc-sub-heading ult-responsive\"  data-ultimate-target='.uvc-heading.ultimate-heading-995669d19dc6197dc .uvc-sub-heading '  data-responsive-json-new='{\"font-size\":\"\",\"line-height\":\"\"}'  style=\"font-weight:normal;\"><\/p>\n<div>\n<p>Por lo tanto, si tienes un sitio web de citas para adultos o est\u00e1s comenzando uno, necesitas una dosis de refuerzo en t\u00e9cnicas de SEO para citas, que solo nosotros podemos proporcionar. Esto incluyen revisar el contenido de tu sitio web y corregir los errores identificados por nuestra investigaci\u00f3n. Nos enfocamos en hacer que tu sitio web sea lo mejor posible en contenido para establecer la autoridad de tu sitio web en Google.<\/p>\n<p>La siguiente estrategia que usamos es la creaci\u00f3n de contenido fuera del sitio y link building. El contenido que creamos incluye videos e informaci\u00f3n gr\u00e1fica, como infograf\u00edas, que compartimos en sitios de autoridad y redes sociales, lo que impulsa los esfuerzos de link building.<\/p><\/div>\n<p><\/div><\/div>[\/vc_column][vc_column width=\u00bb1\/2&#8243;][vc_single_image image=\u00bb25463&#8243; img_size=\u00bbfull\u00bb alignment=\u00bbcenter\u00bb][\/vc_column][\/vc_row][vc_row bg_type=\u00bbimage\u00bb parallax_style=\u00bbvcpb-default\u00bb bg_image_new=\u00bbid^24205|url^https:\/\/adultseo.net\/wp-content\/uploads\/2021\/05\/seo-bg.jpg|caption^null|alt^null|title^seo bg|description^null\u00bb bg_override=\u00bbex-full\u00bb css=\u00bb.vc_custom_1619957994346{margin-top: 35px !important;padding-top: 50px !important;padding-bottom: 50px !important;}\u00bb][vc_column width=\u00bb1\/6&#8243;][\/vc_column][vc_column width=\u00bb2\/3&#8243; css=\u00bb.vc_custom_1619957949628{padding-top: 5% !important;padding-right: 5% !important;padding-bottom: 5% !important;padding-left: 5% !important;background-color: #f7f7f7 !important;}\u00bb]<div id=\"ultimate-heading-935369d19dc619806\" class=\"uvc-heading ult-adjust-bottom-margin ultimate-heading-935369d19dc619806 uvc-6348 \" data-hspacer=\"no_spacer\"  data-halign=\"center\" style=\"text-align:center\"><div class=\"uvc-heading-spacer no_spacer\" style=\"top\"><\/div><div class=\"uvc-main-heading ult-responsive\"  data-ultimate-target='.uvc-heading.ultimate-heading-935369d19dc619806 h2'  data-responsive-json-new='{\"font-size\":\"\",\"line-height\":\"\"}' ><h2 style=\"font-weight:normal;margin-bottom:2%;\">Cu\u00e9ntenos sus requisitos<\/h2><\/div><\/div><div class=\"wpforms-container wpforms-container-full\" id=\"wpforms-24230\"><form id=\"wpforms-form-24230\" class=\"wpforms-validate wpforms-form\" data-formid=\"24230\" method=\"post\" enctype=\"multipart\/form-data\" action=\"\/es\/wp-json\/wp\/v2\/pages\/24462\"><noscript class=\"wpforms-error-noscript\">Por favor, activa JavaScript en tu navegador para completar este formulario.<\/noscript><div class=\"wpforms-field-container\"><div id=\"wpforms-24230-field_5-container\" class=\"wpforms-field wpforms-field-url\" data-field-id=\"5\"><label class=\"wpforms-field-label\" for=\"wpforms-24230-field_5\">Website \/ URL <span class=\"wpforms-required-label\">*<\/span><\/label><input type=\"url\" id=\"wpforms-24230-field_5\" class=\"wpforms-field-large wpforms-field-required\" name=\"wpforms[fields][5]\" placeholder=\"www.your-website.com\" required><\/div><div id=\"wpforms-24230-field_0-container\" class=\"wpforms-field wpforms-field-name wpforms-one-half wpforms-first\" data-field-id=\"0\"><label class=\"wpforms-field-label\" for=\"wpforms-24230-field_0\">Name <span class=\"wpforms-required-label\">*<\/span><\/label><input type=\"text\" id=\"wpforms-24230-field_0\" class=\"wpforms-field-large wpforms-field-required\" name=\"wpforms[fields][0]\" placeholder=\"Enter name\" required><\/div><div id=\"wpforms-24230-field_2-container\" class=\"wpforms-field wpforms-field-email wpforms-one-half\" data-field-id=\"2\"><label class=\"wpforms-field-label\" for=\"wpforms-24230-field_2\">Email <span class=\"wpforms-required-label\">*<\/span><\/label><input type=\"email\" id=\"wpforms-24230-field_2\" class=\"wpforms-field-large wpforms-field-required\" name=\"wpforms[fields][2]\" placeholder=\"Enter email\" required><\/div><div id=\"wpforms-24230-field_4-container\" class=\"wpforms-field wpforms-field-textarea\" data-field-id=\"4\"><label class=\"wpforms-field-label\" for=\"wpforms-24230-field_4\">Details<\/label><textarea id=\"wpforms-24230-field_4\" class=\"wpforms-field-small\" name=\"wpforms[fields][4]\" ><\/textarea><\/div><div id=\"wpforms-24230-field_7-container\" class=\"wpforms-field wpforms-field-captcha\" data-field-id=\"7\"><label class=\"wpforms-field-label\" for=\"wpforms-24230-field_7\">Captcha <span class=\"wpforms-required-label\">*<\/span><\/label>\t\t\t<div class=\"wpforms-captcha-math\">\n\t\t\t\t<span class=\"wpforms-captcha-equation\">\n\t\t\t\t\t<span class=\"n1\"><\/span>\n\t\t\t\t\t<span class=\"cal\"><\/span>\n\t\t\t\t\t<span class=\"n2\"><\/span>\n\t\t\t\t\t<span class=\"e\">=<\/span>\n\t\t\t\t<\/span>\n\t\t\t\t<input type=\"text\" id=\"wpforms-24230-field_7\" class=\"wpforms-field-medium wpforms-field-required a\" data-rule-wpf-captcha=\"math\" name=\"wpforms[fields][7][a]\" required>\t\t\t\t<input type=\"hidden\" name=\"wpforms[fields][7][cal]\" class=\"cal\">\n\t\t\t\t<input type=\"hidden\" name=\"wpforms[fields][7][n2]\" class=\"n2\">\n\t\t\t\t<input type=\"hidden\" name=\"wpforms[fields][7][n1]\" class=\"n1\">\n\t\t\t<\/div>\n\t\t\t<\/div><\/div><div class=\"wpforms-field wpforms-field-hp\"><label for=\"wpforms-24230-field-hp\" class=\"wpforms-field-label\">Name<\/label><input type=\"text\" name=\"wpforms[hp]\" id=\"wpforms-24230-field-hp\" class=\"wpforms-field-medium\"><\/div><div class=\"wpforms-submit-container\" ><input type=\"hidden\" name=\"wpforms[id]\" value=\"24230\"><input type=\"hidden\" name=\"wpforms[author]\" value=\"1\"><button type=\"submit\" name=\"wpforms[submit]\" class=\"wpforms-submit \" id=\"wpforms-submit-24230\" value=\"wpforms-submit\" aria-live=\"assertive\" data-alt-text=\"Sending...\" data-submit-text=\"Free Website Audit\">Free Website Audit<\/button><\/div><\/form><\/div>  <!-- .wpforms-container --><div><\/div>[\/vc_column][vc_column width=\u00bb1\/6&#8243;][\/vc_column][\/vc_row]<\/p>\n<\/div>","protected":false},"excerpt":{"rendered":"<p>[vc_row bg_type=\u00bbbg_color\u00bb bg_override=\u00bbex-full\u00bb bg_color_value=\u00bb#f7f7f7&#8243;][vc_column width=\u00bb1\/2&#8243;][vc_column_text]\u00a1El mundo ha cambiado con la llegada de los tel\u00e9fonos inteligentes, las redes sociales y la inteligencia artificial! Las interacciones cara a cara se han reducido y las personas pasan m\u00e1s tiempo en l\u00ednea. Son historia pasada los d\u00edas en que los hombres usaban todos los trucos b\u00e1sicos, escrib\u00edan cartas de &#8230; <a title=\"Dating Site SEO\" class=\"read-more\" href=\"https:\/\/adultseo.net\/es\/seo-para-paginas-de-citas\/\" aria-label=\"Leer m\u00e1s sobre Dating Site SEO\">Leer m\u00e1s<\/a><\/p>\n","protected":false},"author":1,"featured_media":0,"parent":0,"menu_order":0,"comment_status":"closed","ping_status":"closed","template":"","meta":{"footnotes":""},"class_list":["post-24462","page","type-page","status-publish"],"yoast_head":"<!-- This site is optimized with the Yoast SEO plugin v27.3 - https:\/\/yoast.com\/product\/yoast-seo-wordpress\/ -->\n<title>SEO para sitios web de citas | Servicios de SEO y promoci\u00f3n de sitios y aplicaciones de citas para adultos<\/title>\n<meta name=\"description\" content=\"Si tienes un sitio web o una aplicaci\u00f3n de citas para adultos o est\u00e1s empezando uno, necesitas una dosis de refuerzo de t\u00e9cnicas de SEO para citas, que s\u00f3lo nosotros podemos proporcionarte. \u00a1Solicita un presupuesto gratuito!\" \/>\n<meta name=\"robots\" content=\"index, follow, max-snippet:-1, max-image-preview:large, max-video-preview:-1\" \/>\n<link rel=\"canonical\" href=\"https:\/\/adultseo.net\/es\/seo-para-paginas-de-citas\/\" \/>\n<meta property=\"og:locale\" content=\"es_ES\" \/>\n<meta property=\"og:type\" content=\"article\" \/>\n<meta property=\"og:title\" content=\"SEO para sitios web de citas | Servicios de SEO y promoci\u00f3n de sitios y aplicaciones de citas para adultos\" \/>\n<meta property=\"og:description\" content=\"Si tienes un sitio web o una aplicaci\u00f3n de citas para adultos o est\u00e1s empezando uno, necesitas una dosis de refuerzo de t\u00e9cnicas de SEO para citas, que s\u00f3lo nosotros podemos proporcionarte. \u00a1Solicita un presupuesto gratuito!\" \/>\n<meta property=\"og:url\" content=\"https:\/\/adultseo.net\/es\/seo-para-paginas-de-citas\/\" \/>\n<meta property=\"og:site_name\" content=\"Adult SEO\" \/>\n<meta property=\"article:modified_time\" content=\"2024-08-21T11:33:58+00:00\" \/>\n<meta name=\"twitter:card\" content=\"summary_large_image\" \/>\n<meta name=\"twitter:label1\" content=\"Tiempo de lectura\" \/>\n\t<meta name=\"twitter:data1\" content=\"3 minutos\" \/>\n<script type=\"application\/ld+json\" class=\"yoast-schema-graph\">{\"@context\":\"https:\\\/\\\/schema.org\",\"@graph\":[{\"@type\":\"WebPage\",\"@id\":\"https:\\\/\\\/adultseo.net\\\/es\\\/seo-para-paginas-de-citas\\\/\",\"url\":\"https:\\\/\\\/adultseo.net\\\/es\\\/seo-para-paginas-de-citas\\\/\",\"name\":\"SEO para sitios web de citas | Servicios de SEO y promoci\u00f3n de sitios y aplicaciones de citas para adultos\",\"isPartOf\":{\"@id\":\"https:\\\/\\\/adultseo.net\\\/es\\\/#website\"},\"datePublished\":\"2020-03-15T09:56:35+00:00\",\"dateModified\":\"2024-08-21T11:33:58+00:00\",\"description\":\"Si tienes un sitio web o una aplicaci\u00f3n de citas para adultos o est\u00e1s empezando uno, necesitas una dosis de refuerzo de t\u00e9cnicas de SEO para citas, que s\u00f3lo nosotros podemos proporcionarte. \u00a1Solicita un presupuesto gratuito!\",\"breadcrumb\":{\"@id\":\"https:\\\/\\\/adultseo.net\\\/es\\\/seo-para-paginas-de-citas\\\/#breadcrumb\"},\"inLanguage\":\"es\",\"potentialAction\":[{\"@type\":\"ReadAction\",\"target\":[\"https:\\\/\\\/adultseo.net\\\/es\\\/seo-para-paginas-de-citas\\\/\"]}]},{\"@type\":\"BreadcrumbList\",\"@id\":\"https:\\\/\\\/adultseo.net\\\/es\\\/seo-para-paginas-de-citas\\\/#breadcrumb\",\"itemListElement\":[{\"@type\":\"ListItem\",\"position\":1,\"name\":\"Home\",\"item\":\"https:\\\/\\\/adultseo.net\\\/es\\\/\"},{\"@type\":\"ListItem\",\"position\":2,\"name\":\"Dating Site SEO\"}]},{\"@type\":\"WebSite\",\"@id\":\"https:\\\/\\\/adultseo.net\\\/es\\\/#website\",\"url\":\"https:\\\/\\\/adultseo.net\\\/es\\\/\",\"name\":\"Adult SEO\",\"description\":\"Adult SEO Services\",\"publisher\":{\"@id\":\"https:\\\/\\\/adultseo.net\\\/es\\\/#organization\"},\"potentialAction\":[{\"@type\":\"SearchAction\",\"target\":{\"@type\":\"EntryPoint\",\"urlTemplate\":\"https:\\\/\\\/adultseo.net\\\/es\\\/?s={search_term_string}\"},\"query-input\":{\"@type\":\"PropertyValueSpecification\",\"valueRequired\":true,\"valueName\":\"search_term_string\"}}],\"inLanguage\":\"es\"},{\"@type\":\"Organization\",\"@id\":\"https:\\\/\\\/adultseo.net\\\/es\\\/#organization\",\"name\":\"Adult SEO\",\"url\":\"https:\\\/\\\/adultseo.net\\\/es\\\/\",\"logo\":{\"@type\":\"ImageObject\",\"inLanguage\":\"es\",\"@id\":\"https:\\\/\\\/adultseo.net\\\/es\\\/#\\\/schema\\\/logo\\\/image\\\/\",\"url\":\"https:\\\/\\\/adultseo.net\\\/wp-content\\\/uploads\\\/2020\\\/03\\\/adultseo_logo.png\",\"contentUrl\":\"https:\\\/\\\/adultseo.net\\\/wp-content\\\/uploads\\\/2020\\\/03\\\/adultseo_logo.png\",\"width\":250,\"height\":66,\"caption\":\"Adult SEO\"},\"image\":{\"@id\":\"https:\\\/\\\/adultseo.net\\\/es\\\/#\\\/schema\\\/logo\\\/image\\\/\"}}]}<\/script>\n<!-- \/ Yoast SEO plugin. -->","yoast_head_json":{"title":"SEO para sitios web de citas | Servicios de SEO y promoci\u00f3n de sitios y aplicaciones de citas para adultos","description":"Si tienes un sitio web o una aplicaci\u00f3n de citas para adultos o est\u00e1s empezando uno, necesitas una dosis de refuerzo de t\u00e9cnicas de SEO para citas, que s\u00f3lo nosotros podemos proporcionarte. \u00a1Solicita un presupuesto gratuito!","robots":{"index":"index","follow":"follow","max-snippet":"max-snippet:-1","max-image-preview":"max-image-preview:large","max-video-preview":"max-video-preview:-1"},"canonical":"https:\/\/adultseo.net\/es\/seo-para-paginas-de-citas\/","og_locale":"es_ES","og_type":"article","og_title":"SEO para sitios web de citas | Servicios de SEO y promoci\u00f3n de sitios y aplicaciones de citas para adultos","og_description":"Si tienes un sitio web o una aplicaci\u00f3n de citas para adultos o est\u00e1s empezando uno, necesitas una dosis de refuerzo de t\u00e9cnicas de SEO para citas, que s\u00f3lo nosotros podemos proporcionarte. \u00a1Solicita un presupuesto gratuito!","og_url":"https:\/\/adultseo.net\/es\/seo-para-paginas-de-citas\/","og_site_name":"Adult SEO","article_modified_time":"2024-08-21T11:33:58+00:00","twitter_card":"summary_large_image","twitter_misc":{"Tiempo de lectura":"3 minutos"},"schema":{"@context":"https:\/\/schema.org","@graph":[{"@type":"WebPage","@id":"https:\/\/adultseo.net\/es\/seo-para-paginas-de-citas\/","url":"https:\/\/adultseo.net\/es\/seo-para-paginas-de-citas\/","name":"SEO para sitios web de citas | Servicios de SEO y promoci\u00f3n de sitios y aplicaciones de citas para adultos","isPartOf":{"@id":"https:\/\/adultseo.net\/es\/#website"},"datePublished":"2020-03-15T09:56:35+00:00","dateModified":"2024-08-21T11:33:58+00:00","description":"Si tienes un sitio web o una aplicaci\u00f3n de citas para adultos o est\u00e1s empezando uno, necesitas una dosis de refuerzo de t\u00e9cnicas de SEO para citas, que s\u00f3lo nosotros podemos proporcionarte. \u00a1Solicita un presupuesto gratuito!","breadcrumb":{"@id":"https:\/\/adultseo.net\/es\/seo-para-paginas-de-citas\/#breadcrumb"},"inLanguage":"es","potentialAction":[{"@type":"ReadAction","target":["https:\/\/adultseo.net\/es\/seo-para-paginas-de-citas\/"]}]},{"@type":"BreadcrumbList","@id":"https:\/\/adultseo.net\/es\/seo-para-paginas-de-citas\/#breadcrumb","itemListElement":[{"@type":"ListItem","position":1,"name":"Home","item":"https:\/\/adultseo.net\/es\/"},{"@type":"ListItem","position":2,"name":"Dating Site SEO"}]},{"@type":"WebSite","@id":"https:\/\/adultseo.net\/es\/#website","url":"https:\/\/adultseo.net\/es\/","name":"Adult SEO","description":"Adult SEO Services","publisher":{"@id":"https:\/\/adultseo.net\/es\/#organization"},"potentialAction":[{"@type":"SearchAction","target":{"@type":"EntryPoint","urlTemplate":"https:\/\/adultseo.net\/es\/?s={search_term_string}"},"query-input":{"@type":"PropertyValueSpecification","valueRequired":true,"valueName":"search_term_string"}}],"inLanguage":"es"},{"@type":"Organization","@id":"https:\/\/adultseo.net\/es\/#organization","name":"Adult SEO","url":"https:\/\/adultseo.net\/es\/","logo":{"@type":"ImageObject","inLanguage":"es","@id":"https:\/\/adultseo.net\/es\/#\/schema\/logo\/image\/","url":"https:\/\/adultseo.net\/wp-content\/uploads\/2020\/03\/adultseo_logo.png","contentUrl":"https:\/\/adultseo.net\/wp-content\/uploads\/2020\/03\/adultseo_logo.png","width":250,"height":66,"caption":"Adult SEO"},"image":{"@id":"https:\/\/adultseo.net\/es\/#\/schema\/logo\/image\/"}}]}},"_links":{"self":[{"href":"https:\/\/adultseo.net\/es\/wp-json\/wp\/v2\/pages\/24462","targetHints":{"allow":["GET"]}}],"collection":[{"href":"https:\/\/adultseo.net\/es\/wp-json\/wp\/v2\/pages"}],"about":[{"href":"https:\/\/adultseo.net\/es\/wp-json\/wp\/v2\/types\/page"}],"author":[{"embeddable":true,"href":"https:\/\/adultseo.net\/es\/wp-json\/wp\/v2\/users\/1"}],"replies":[{"embeddable":true,"href":"https:\/\/adultseo.net\/es\/wp-json\/wp\/v2\/comments?post=24462"}],"version-history":[{"count":0,"href":"https:\/\/adultseo.net\/es\/wp-json\/wp\/v2\/pages\/24462\/revisions"}],"wp:attachment":[{"href":"https:\/\/adultseo.net\/es\/wp-json\/wp\/v2\/media?parent=24462"}],"curies":[{"name":"wp","href":"https:\/\/api.w.org\/{rel}","templated":true}]}}