{"id":24457,"date":"2020-03-15T09:54:50","date_gmt":"2020-03-15T09:54:50","guid":{"rendered":"https:\/\/adultseo.net\/adult-toy-doll-store-seo\/"},"modified":"2024-08-21T11:03:29","modified_gmt":"2024-08-21T11:03:29","slug":"seo-de-munecas-para-adultos","status":"publish","type":"page","link":"https:\/\/adultseo.net\/es\/seo-de-munecas-para-adultos\/","title":{"rendered":"Adult Toy &#038; Doll Store SEO"},"content":{"rendered":"<div class=\"wpb-content-wrapper\"><p>[vc_row content_placement=\u00bbmiddle\u00bb bg_type=\u00bbbg_color\u00bb bg_override=\u00bbex-full\u00bb bg_color_value=\u00bb#f7f7f7&#8243;][vc_column width=\u00bb2\/3&#8243;]<div id=\"ultimate-heading-465869eccad71c8fe\" class=\"uvc-heading ult-adjust-bottom-margin ultimate-heading-465869eccad71c8fe uvc-469 \" data-hspacer=\"no_spacer\"  data-halign=\"left\" style=\"text-align:left\"><div class=\"uvc-heading-spacer no_spacer\" style=\"top\"><\/div><div class=\"uvc-main-heading ult-responsive\"  data-ultimate-target='.uvc-heading.ultimate-heading-465869eccad71c8fe h2'  data-responsive-json-new='{\"font-size\":\"\",\"line-height\":\"\"}' ><h2 style=\"font-weight:normal;color:#ff4c00;margin-bottom:2%;\">SEO para Tienda de Juguetes y Mu\u00f1ecas para Adultos<\/h2><\/div><\/div>[vc_column_text]La industria de los juguetes sexuales crece significativamente cada a\u00f1o a medida que la globalizaci\u00f3n recorre el mundo. La adopci\u00f3n de la cultura occidental moderna por varios pa\u00edses alrededor del mundo ha llevado a sus habitantes a ser m\u00e1s abiertas sobre la sexualidad. Los juguetes sexuales ya no son algo prohibido como lo eran hace algunos a\u00f1os, y la gente ha comenzado a experimentar con sus fetiches. Existe otra raz\u00f3n para la popularidad de los juguetes sexuales, especialmente aquellos de tama\u00f1o natural que se venden por millares en Jap\u00f3n y otros pa\u00edses asi\u00e1ticos adinerados. La mayor\u00eda de la gente necesita y desea la compa\u00f1\u00eda del sexo opuesto, pero no hay muchas mujeres alrededor. Entonces tienen que conformarse con estas figuras de tama\u00f1o natural.[\/vc_column_text][\/vc_column][vc_column width=\u00bb1\/3&#8243;][vc_single_image image=\u00bb25382&#8243; img_size=\u00bbfull\u00bb alignment=\u00bbcenter\u00bb][\/vc_column][\/vc_row][vc_row content_placement=\u00bbmiddle\u00bb][vc_column width=\u00bb1\/3&#8243;][vc_single_image image=\u00bb25379&#8243; img_size=\u00bbfull\u00bb alignment=\u00bbcenter\u00bb][\/vc_column][vc_column width=\u00bb2\/3&#8243;][vc_column_text]Por lo tanto, podemos ver que existe una demanda mundial para los juguetes sexuales, y el Internet est\u00e1 haciendo todo lo posible para satisfacer esta demanda masiva. En la actualidad, el Internet tiene una extensa cantidad de sitios web de comercio electr\u00f3nico enfocado a adultos y tiendas de juguetes sexuales, y se est\u00e1n abriendo m\u00e1s a medida que lees esto. Algunas tiendas de juguetes sexuales para adultos se especializan en un segmento particular, como tiendas de mu\u00f1ecas pervertidas, mientras que algunas otras se dirigen a geograf\u00edas espec\u00edficas. Todav\u00eda existen algunos nichos en este segmento que est\u00e1n desaprovechados, y si obtienes el tipo correcto de SEO para sitios web de mu\u00f1ecas sexuales, puedes tener un negocio exitoso de comercio electr\u00f3nico para adultos. Claro, deber\u00e1s garantizar la seguridad y privacidad de los datos de tus usuarios y seguir todas las normas regulatorias relacionadas con el negocio para adultos.[\/vc_column_text][\/vc_column][\/vc_row][vc_row content_placement=\u00bbmiddle\u00bb bg_type=\u00bbbg_color\u00bb bg_override=\u00bbex-full\u00bb bg_color_value=\u00bb#333333&#8243;][vc_column width=\u00bb2\/3&#8243;]<div id=\"ultimate-heading-502769eccad71c962\" class=\"uvc-heading ult-adjust-bottom-margin ultimate-heading-502769eccad71c962 uvc-2544 \" data-hspacer=\"no_spacer\"  data-halign=\"left\" style=\"text-align:left\"><div class=\"uvc-heading-spacer no_spacer\" style=\"top\"><\/div><div class=\"uvc-main-heading ult-responsive\"  data-ultimate-target='.uvc-heading.ultimate-heading-502769eccad71c962 h2'  data-responsive-json-new='{\"font-size\":\"\",\"line-height\":\"\"}' ><h2 style=\"font-weight:normal;color:#ff4c00;margin-bottom:2%;\">SEO para Tienda de Juguetes Sexuales para Adultos<\/h2><\/div><div class=\"uvc-sub-heading ult-responsive\"  data-ultimate-target='.uvc-heading.ultimate-heading-502769eccad71c962 .uvc-sub-heading '  data-responsive-json-new='{\"font-size\":\"\",\"line-height\":\"\"}'  style=\"font-weight:normal;color:#ffffff;\">Nos hemos asociado con varias tiendas de juguetes sexuales y las hemos ayudado a lograr una facturaci\u00f3n anual de millones de d\u00f3lares. Varios de nuestros clientes en SEO de comercio electr\u00f3nico para adultos han estado con nosotros durante muchos a\u00f1os y est\u00e1n en paquetes de soporte donde nos aseguramos de que sus sitios permanezcan en excelente estado. Una vez que recibas la dosis inicial de nuestra experiencia en SEO para adultos, tambi\u00e9n podr\u00e1s hacer la transici\u00f3n a estos planes. El SEO para tienda de juguetes sexuales para adultos es un nicho en el que nos enfocamos en algunos aspectos importantes.<\/p>\n<p>Primero, nos aseguramos de un enfoque claro en el contenido. La prioridad es proveer a los usuarios la informaci\u00f3n exacta que requieren sobre un producto en particular, sin ser repetitivos. Luego, nuestros escritores de contenido para adultos se enfocan en publicaciones de blogs y otros aspectos de tu sitio web. Despu\u00e9s, comienza la promoci\u00f3n de tu contenido fuera del sitio junto con la creaci\u00f3n de enlaces (link building) y el marketing de afiliados para adultos; todos estos son una parte esencial del SEO para sitios web de tiendas de juguetes sexuales.<\/div><\/div>[\/vc_column][vc_column width=\u00bb1\/3&#8243;][vc_single_image image=\u00bb25171&#8243; img_size=\u00bbfull\u00bb alignment=\u00bbcenter\u00bb][\/vc_column][\/vc_row][vc_row content_placement=\u00bbmiddle\u00bb bg_type=\u00bbbg_color\u00bb bg_override=\u00bbex-full\u00bb bg_color_value=\u00bb#333333&#8243;][vc_column width=\u00bb1\/3&#8243;][vc_single_image image=\u00bb25385&#8243; img_size=\u00bbfull\u00bb alignment=\u00bbcenter\u00bb][\/vc_column][vc_column width=\u00bb2\/3&#8243;]<div id=\"ultimate-heading-821769eccad71c995\" class=\"uvc-heading ult-adjust-bottom-margin ultimate-heading-821769eccad71c995 uvc-603 \" data-hspacer=\"no_spacer\"  data-halign=\"left\" style=\"text-align:left\"><div class=\"uvc-heading-spacer no_spacer\" style=\"top\"><\/div><div class=\"uvc-sub-heading ult-responsive\"  data-ultimate-target='.uvc-heading.ultimate-heading-821769eccad71c995 .uvc-sub-heading '  data-responsive-json-new='{\"font-size\":\"\",\"line-height\":\"\"}'  style=\"font-weight:normal;color:#ffffff;\">Luego, nos centramos en los ajustes esenciales en el sitio. Estos incluyen reducir el desorden en tu sitio para aumentar la velocidad de la p\u00e1gina y mucho m\u00e1s. Tambi\u00e9n te damos sugerencias sobre c\u00f3mo mejorar tu interfaz de usuario para facilitar la experiencia de compra a tus visitantes. Debido a lo anterior podr\u00e1s retener a la mayor\u00eda de los visitantes de tu sitio web, \u00a1y Google te recompensar\u00e1 por esto!<\/p>\n<p>Aseguramos una presencia activa en foros y redes sociales, ya que all\u00ed puedes atender a usuarios espec\u00edficos, y de esta forma los influencers en la comunidad de mu\u00f1ecas y juguetes sexuales conocen tu marca. Es aqu\u00ed donde puedes hacer crecer tu negocio significativamente.<\/div><\/div>[\/vc_column][\/vc_row][vc_row bg_type=\u00bbimage\u00bb parallax_style=\u00bbvcpb-default\u00bb bg_image_new=\u00bbid^24205|url^https:\/\/adultseo.net\/wp-content\/uploads\/2021\/05\/seo-bg.jpg|caption^null|alt^null|title^seo bg|description^null\u00bb bg_override=\u00bbex-full\u00bb css=\u00bb.vc_custom_1619957638406{margin-top: 35px !important;padding-top: 50px !important;padding-bottom: 50px !important;}\u00bb][vc_column width=\u00bb1\/6&#8243;][\/vc_column][vc_column width=\u00bb2\/3&#8243; css=\u00bb.vc_custom_1619957564265{padding-top: 5% !important;padding-right: 5% !important;padding-bottom: 5% !important;padding-left: 5% !important;background-color: #f7f7f7 !important;}\u00bb]<div id=\"ultimate-heading-531569eccad71c9c5\" class=\"uvc-heading ult-adjust-bottom-margin ultimate-heading-531569eccad71c9c5 uvc-2464 \" data-hspacer=\"no_spacer\"  data-halign=\"center\" style=\"text-align:center\"><div class=\"uvc-heading-spacer no_spacer\" style=\"top\"><\/div><div class=\"uvc-main-heading ult-responsive\"  data-ultimate-target='.uvc-heading.ultimate-heading-531569eccad71c9c5 h2'  data-responsive-json-new='{\"font-size\":\"\",\"line-height\":\"\"}' ><h2 style=\"font-weight:normal;margin-bottom:2%;\">Cu\u00e9ntenos sus requisitos<\/h2><\/div><\/div><div class=\"wpforms-container wpforms-container-full\" id=\"wpforms-24439\"><form id=\"wpforms-form-24439\" class=\"wpforms-validate wpforms-form\" data-formid=\"24439\" method=\"post\" enctype=\"multipart\/form-data\" action=\"\/es\/wp-json\/wp\/v2\/pages\/24457\"><noscript class=\"wpforms-error-noscript\">Por favor, activa JavaScript en tu navegador para completar este formulario.<\/noscript><div class=\"wpforms-field-container\"><div id=\"wpforms-24439-field_5-container\" class=\"wpforms-field wpforms-field-url\" data-field-id=\"5\"><label class=\"wpforms-field-label\" for=\"wpforms-24439-field_5\">Sitio web <span class=\"wpforms-required-label\">*<\/span><\/label><input type=\"url\" id=\"wpforms-24439-field_5\" class=\"wpforms-field-large wpforms-field-required\" name=\"wpforms[fields][5]\" placeholder=\"www.your-website.com\" required><\/div><div id=\"wpforms-24439-field_0-container\" class=\"wpforms-field wpforms-field-name wpforms-one-half wpforms-first\" data-field-id=\"0\"><label class=\"wpforms-field-label\" for=\"wpforms-24439-field_0\">Nombre <span class=\"wpforms-required-label\">*<\/span><\/label><input type=\"text\" id=\"wpforms-24439-field_0\" class=\"wpforms-field-large wpforms-field-required\" name=\"wpforms[fields][0]\" required><\/div><div id=\"wpforms-24439-field_2-container\" class=\"wpforms-field wpforms-field-email wpforms-one-half\" data-field-id=\"2\"><label class=\"wpforms-field-label\" for=\"wpforms-24439-field_2\">Email <span class=\"wpforms-required-label\">*<\/span><\/label><input type=\"email\" id=\"wpforms-24439-field_2\" class=\"wpforms-field-large wpforms-field-required\" name=\"wpforms[fields][2]\" required><\/div><div id=\"wpforms-24439-field_4-container\" class=\"wpforms-field wpforms-field-textarea\" data-field-id=\"4\"><label class=\"wpforms-field-label\" for=\"wpforms-24439-field_4\">Detalles<\/label><textarea id=\"wpforms-24439-field_4\" class=\"wpforms-field-small\" name=\"wpforms[fields][4]\" ><\/textarea><\/div><div id=\"wpforms-24439-field_7-container\" class=\"wpforms-field wpforms-field-captcha\" data-field-id=\"7\"><label class=\"wpforms-field-label\" for=\"wpforms-24439-field_7\">Captcha <span class=\"wpforms-required-label\">*<\/span><\/label>\t\t\t<div class=\"wpforms-captcha-math\">\n\t\t\t\t<span class=\"wpforms-captcha-equation\">\n\t\t\t\t\t<span class=\"n1\"><\/span>\n\t\t\t\t\t<span class=\"cal\"><\/span>\n\t\t\t\t\t<span class=\"n2\"><\/span>\n\t\t\t\t\t<span class=\"e\">=<\/span>\n\t\t\t\t<\/span>\n\t\t\t\t<input type=\"text\" id=\"wpforms-24439-field_7\" class=\"wpforms-field-medium wpforms-field-required a\" data-rule-wpf-captcha=\"math\" name=\"wpforms[fields][7][a]\" required>\t\t\t\t<input type=\"hidden\" name=\"wpforms[fields][7][cal]\" class=\"cal\">\n\t\t\t\t<input type=\"hidden\" name=\"wpforms[fields][7][n2]\" class=\"n2\">\n\t\t\t\t<input type=\"hidden\" name=\"wpforms[fields][7][n1]\" class=\"n1\">\n\t\t\t<\/div>\n\t\t\t<\/div><\/div><div class=\"wpforms-field wpforms-field-hp\"><label for=\"wpforms-24439-field-hp\" class=\"wpforms-field-label\">Website<\/label><input type=\"text\" name=\"wpforms[hp]\" id=\"wpforms-24439-field-hp\" class=\"wpforms-field-medium\"><\/div><div class=\"wpforms-submit-container\" ><input type=\"hidden\" name=\"wpforms[id]\" value=\"24439\"><input type=\"hidden\" name=\"wpforms[author]\" value=\"1\"><button type=\"submit\" name=\"wpforms[submit]\" class=\"wpforms-submit \" id=\"wpforms-submit-24439\" value=\"wpforms-submit\" aria-live=\"assertive\" data-alt-text=\"Sending...\" data-submit-text=\"Aqu\u00ed de un experto\">Aqu\u00ed de un experto<\/button><\/div><\/form><\/div>  <!-- .wpforms-container --><div><\/div>[\/vc_column][vc_column width=\u00bb1\/6&#8243;][\/vc_column][\/vc_row]<\/p>\n<\/div>","protected":false},"excerpt":{"rendered":"<p>[vc_row content_placement=\u00bbmiddle\u00bb bg_type=\u00bbbg_color\u00bb bg_override=\u00bbex-full\u00bb bg_color_value=\u00bb#f7f7f7&#8243;][vc_column width=\u00bb2\/3&#8243;][vc_column_text]La industria de los juguetes sexuales crece significativamente cada a\u00f1o a medida que la globalizaci\u00f3n recorre el mundo. La adopci\u00f3n de la cultura occidental moderna por varios pa\u00edses alrededor del mundo ha llevado a sus habitantes a ser m\u00e1s abiertas sobre la sexualidad. Los juguetes sexuales ya no son algo &#8230; <a title=\"Adult Toy &#038; Doll Store SEO\" class=\"read-more\" href=\"https:\/\/adultseo.net\/es\/seo-de-munecas-para-adultos\/\" aria-label=\"Leer m\u00e1s sobre Adult Toy &#038; Doll Store SEO\">Leer m\u00e1s<\/a><\/p>\n","protected":false},"author":1,"featured_media":0,"parent":0,"menu_order":0,"comment_status":"closed","ping_status":"closed","template":"","meta":{"footnotes":""},"class_list":["post-24457","page","type-page","status-publish"],"yoast_head":"<!-- This site is optimized with the Yoast SEO plugin v27.4 - https:\/\/yoast.com\/product\/yoast-seo-wordpress\/ -->\n<title>SEO para tiendas de juguetes sexuales para adultos | SEO para mu\u00f1ecas sexuales: AdultSEO.net<\/title>\n<meta name=\"description\" content=\"El mercado de los juguetes sexuales en l\u00ednea crecen a pasos agigantados cada a\u00f1o. En AdultSEO.net ayudamos a tu tienda de juguetes y mu\u00f1ecas sexuales a posicionarse por encima de su competencia a trav\u00e9s de t\u00e9cnicas de SEO org\u00e1nico.\" \/>\n<meta name=\"robots\" content=\"index, follow, max-snippet:-1, max-image-preview:large, max-video-preview:-1\" \/>\n<link rel=\"canonical\" href=\"https:\/\/adultseo.net\/es\/seo-de-munecas-para-adultos\/\" \/>\n<meta property=\"og:locale\" content=\"es_ES\" \/>\n<meta property=\"og:type\" content=\"article\" \/>\n<meta property=\"og:title\" content=\"SEO para tiendas de juguetes sexuales para adultos | SEO para mu\u00f1ecas sexuales: AdultSEO.net\" \/>\n<meta property=\"og:description\" content=\"El mercado de los juguetes sexuales en l\u00ednea crecen a pasos agigantados cada a\u00f1o. En AdultSEO.net ayudamos a tu tienda de juguetes y mu\u00f1ecas sexuales a posicionarse por encima de su competencia a trav\u00e9s de t\u00e9cnicas de SEO org\u00e1nico.\" \/>\n<meta property=\"og:url\" content=\"https:\/\/adultseo.net\/es\/seo-de-munecas-para-adultos\/\" \/>\n<meta property=\"og:site_name\" content=\"Adult SEO\" \/>\n<meta property=\"article:modified_time\" content=\"2024-08-21T11:03:29+00:00\" \/>\n<meta name=\"twitter:card\" content=\"summary_large_image\" \/>\n<meta name=\"twitter:label1\" content=\"Tiempo de lectura\" \/>\n\t<meta name=\"twitter:data1\" content=\"3 minutos\" \/>\n<script type=\"application\/ld+json\" class=\"yoast-schema-graph\">{\"@context\":\"https:\\\/\\\/schema.org\",\"@graph\":[{\"@type\":\"WebPage\",\"@id\":\"https:\\\/\\\/adultseo.net\\\/es\\\/seo-de-munecas-para-adultos\\\/\",\"url\":\"https:\\\/\\\/adultseo.net\\\/es\\\/seo-de-munecas-para-adultos\\\/\",\"name\":\"SEO para tiendas de juguetes sexuales para adultos | SEO para mu\u00f1ecas sexuales: AdultSEO.net\",\"isPartOf\":{\"@id\":\"https:\\\/\\\/adultseo.net\\\/es\\\/#website\"},\"datePublished\":\"2020-03-15T09:54:50+00:00\",\"dateModified\":\"2024-08-21T11:03:29+00:00\",\"description\":\"El mercado de los juguetes sexuales en l\u00ednea crecen a pasos agigantados cada a\u00f1o. En AdultSEO.net ayudamos a tu tienda de juguetes y mu\u00f1ecas sexuales a posicionarse por encima de su competencia a trav\u00e9s de t\u00e9cnicas de SEO org\u00e1nico.\",\"breadcrumb\":{\"@id\":\"https:\\\/\\\/adultseo.net\\\/es\\\/seo-de-munecas-para-adultos\\\/#breadcrumb\"},\"inLanguage\":\"es\",\"potentialAction\":[{\"@type\":\"ReadAction\",\"target\":[\"https:\\\/\\\/adultseo.net\\\/es\\\/seo-de-munecas-para-adultos\\\/\"]}]},{\"@type\":\"BreadcrumbList\",\"@id\":\"https:\\\/\\\/adultseo.net\\\/es\\\/seo-de-munecas-para-adultos\\\/#breadcrumb\",\"itemListElement\":[{\"@type\":\"ListItem\",\"position\":1,\"name\":\"Home\",\"item\":\"https:\\\/\\\/adultseo.net\\\/es\\\/\"},{\"@type\":\"ListItem\",\"position\":2,\"name\":\"Adult Toy &#038; Doll Store SEO\"}]},{\"@type\":\"WebSite\",\"@id\":\"https:\\\/\\\/adultseo.net\\\/es\\\/#website\",\"url\":\"https:\\\/\\\/adultseo.net\\\/es\\\/\",\"name\":\"Adult SEO\",\"description\":\"Adult SEO Services\",\"publisher\":{\"@id\":\"https:\\\/\\\/adultseo.net\\\/es\\\/#organization\"},\"potentialAction\":[{\"@type\":\"SearchAction\",\"target\":{\"@type\":\"EntryPoint\",\"urlTemplate\":\"https:\\\/\\\/adultseo.net\\\/es\\\/?s={search_term_string}\"},\"query-input\":{\"@type\":\"PropertyValueSpecification\",\"valueRequired\":true,\"valueName\":\"search_term_string\"}}],\"inLanguage\":\"es\"},{\"@type\":\"Organization\",\"@id\":\"https:\\\/\\\/adultseo.net\\\/es\\\/#organization\",\"name\":\"Adult SEO\",\"url\":\"https:\\\/\\\/adultseo.net\\\/es\\\/\",\"logo\":{\"@type\":\"ImageObject\",\"inLanguage\":\"es\",\"@id\":\"https:\\\/\\\/adultseo.net\\\/es\\\/#\\\/schema\\\/logo\\\/image\\\/\",\"url\":\"https:\\\/\\\/adultseo.net\\\/wp-content\\\/uploads\\\/2020\\\/03\\\/adultseo_logo.png\",\"contentUrl\":\"https:\\\/\\\/adultseo.net\\\/wp-content\\\/uploads\\\/2020\\\/03\\\/adultseo_logo.png\",\"width\":250,\"height\":66,\"caption\":\"Adult SEO\"},\"image\":{\"@id\":\"https:\\\/\\\/adultseo.net\\\/es\\\/#\\\/schema\\\/logo\\\/image\\\/\"}}]}<\/script>\n<!-- \/ Yoast SEO plugin. -->","yoast_head_json":{"title":"SEO para tiendas de juguetes sexuales para adultos | SEO para mu\u00f1ecas sexuales: AdultSEO.net","description":"El mercado de los juguetes sexuales en l\u00ednea crecen a pasos agigantados cada a\u00f1o. En AdultSEO.net ayudamos a tu tienda de juguetes y mu\u00f1ecas sexuales a posicionarse por encima de su competencia a trav\u00e9s de t\u00e9cnicas de SEO org\u00e1nico.","robots":{"index":"index","follow":"follow","max-snippet":"max-snippet:-1","max-image-preview":"max-image-preview:large","max-video-preview":"max-video-preview:-1"},"canonical":"https:\/\/adultseo.net\/es\/seo-de-munecas-para-adultos\/","og_locale":"es_ES","og_type":"article","og_title":"SEO para tiendas de juguetes sexuales para adultos | SEO para mu\u00f1ecas sexuales: AdultSEO.net","og_description":"El mercado de los juguetes sexuales en l\u00ednea crecen a pasos agigantados cada a\u00f1o. En AdultSEO.net ayudamos a tu tienda de juguetes y mu\u00f1ecas sexuales a posicionarse por encima de su competencia a trav\u00e9s de t\u00e9cnicas de SEO org\u00e1nico.","og_url":"https:\/\/adultseo.net\/es\/seo-de-munecas-para-adultos\/","og_site_name":"Adult SEO","article_modified_time":"2024-08-21T11:03:29+00:00","twitter_card":"summary_large_image","twitter_misc":{"Tiempo de lectura":"3 minutos"},"schema":{"@context":"https:\/\/schema.org","@graph":[{"@type":"WebPage","@id":"https:\/\/adultseo.net\/es\/seo-de-munecas-para-adultos\/","url":"https:\/\/adultseo.net\/es\/seo-de-munecas-para-adultos\/","name":"SEO para tiendas de juguetes sexuales para adultos | SEO para mu\u00f1ecas sexuales: AdultSEO.net","isPartOf":{"@id":"https:\/\/adultseo.net\/es\/#website"},"datePublished":"2020-03-15T09:54:50+00:00","dateModified":"2024-08-21T11:03:29+00:00","description":"El mercado de los juguetes sexuales en l\u00ednea crecen a pasos agigantados cada a\u00f1o. En AdultSEO.net ayudamos a tu tienda de juguetes y mu\u00f1ecas sexuales a posicionarse por encima de su competencia a trav\u00e9s de t\u00e9cnicas de SEO org\u00e1nico.","breadcrumb":{"@id":"https:\/\/adultseo.net\/es\/seo-de-munecas-para-adultos\/#breadcrumb"},"inLanguage":"es","potentialAction":[{"@type":"ReadAction","target":["https:\/\/adultseo.net\/es\/seo-de-munecas-para-adultos\/"]}]},{"@type":"BreadcrumbList","@id":"https:\/\/adultseo.net\/es\/seo-de-munecas-para-adultos\/#breadcrumb","itemListElement":[{"@type":"ListItem","position":1,"name":"Home","item":"https:\/\/adultseo.net\/es\/"},{"@type":"ListItem","position":2,"name":"Adult Toy &#038; Doll Store SEO"}]},{"@type":"WebSite","@id":"https:\/\/adultseo.net\/es\/#website","url":"https:\/\/adultseo.net\/es\/","name":"Adult SEO","description":"Adult SEO Services","publisher":{"@id":"https:\/\/adultseo.net\/es\/#organization"},"potentialAction":[{"@type":"SearchAction","target":{"@type":"EntryPoint","urlTemplate":"https:\/\/adultseo.net\/es\/?s={search_term_string}"},"query-input":{"@type":"PropertyValueSpecification","valueRequired":true,"valueName":"search_term_string"}}],"inLanguage":"es"},{"@type":"Organization","@id":"https:\/\/adultseo.net\/es\/#organization","name":"Adult SEO","url":"https:\/\/adultseo.net\/es\/","logo":{"@type":"ImageObject","inLanguage":"es","@id":"https:\/\/adultseo.net\/es\/#\/schema\/logo\/image\/","url":"https:\/\/adultseo.net\/wp-content\/uploads\/2020\/03\/adultseo_logo.png","contentUrl":"https:\/\/adultseo.net\/wp-content\/uploads\/2020\/03\/adultseo_logo.png","width":250,"height":66,"caption":"Adult SEO"},"image":{"@id":"https:\/\/adultseo.net\/es\/#\/schema\/logo\/image\/"}}]}},"_links":{"self":[{"href":"https:\/\/adultseo.net\/es\/wp-json\/wp\/v2\/pages\/24457","targetHints":{"allow":["GET"]}}],"collection":[{"href":"https:\/\/adultseo.net\/es\/wp-json\/wp\/v2\/pages"}],"about":[{"href":"https:\/\/adultseo.net\/es\/wp-json\/wp\/v2\/types\/page"}],"author":[{"embeddable":true,"href":"https:\/\/adultseo.net\/es\/wp-json\/wp\/v2\/users\/1"}],"replies":[{"embeddable":true,"href":"https:\/\/adultseo.net\/es\/wp-json\/wp\/v2\/comments?post=24457"}],"version-history":[{"count":0,"href":"https:\/\/adultseo.net\/es\/wp-json\/wp\/v2\/pages\/24457\/revisions"}],"wp:attachment":[{"href":"https:\/\/adultseo.net\/es\/wp-json\/wp\/v2\/media?parent=24457"}],"curies":[{"name":"wp","href":"https:\/\/api.w.org\/{rel}","templated":true}]}}