{"id":24453,"date":"2020-03-15T09:53:08","date_gmt":"2020-03-15T09:53:08","guid":{"rendered":"https:\/\/adultseo.net\/adult-webcam-seo\/"},"modified":"2024-08-21T11:17:24","modified_gmt":"2024-08-21T11:17:24","slug":"seo-para-camaras-web-de-adultos","status":"publish","type":"page","link":"https:\/\/adultseo.net\/es\/seo-para-camaras-web-de-adultos\/","title":{"rendered":"Adult Webcam SEO"},"content":{"rendered":"<div class=\"wpb-content-wrapper\"><p>[vc_row content_placement=\u00bbmiddle\u00bb bg_type=\u00bbbg_color\u00bb bg_override=\u00bbex-full\u00bb bg_color_value=\u00bb#f7f7f7&#8243;][vc_column width=\u00bb1\/2&#8243;]<div id=\"ultimate-heading-495569d19e2b9390b\" class=\"uvc-heading ult-adjust-bottom-margin ultimate-heading-495569d19e2b9390b uvc-5757 \" data-hspacer=\"no_spacer\"  data-halign=\"left\" style=\"text-align:left\"><div class=\"uvc-heading-spacer no_spacer\" style=\"top\"><\/div><div class=\"uvc-main-heading ult-responsive\"  data-ultimate-target='.uvc-heading.ultimate-heading-495569d19e2b9390b h2'  data-responsive-json-new='{\"font-size\":\"\",\"line-height\":\"\"}' ><h2 style=\"font-weight:normal;color:#ff4c00;margin-bottom:2%;\">SEO para Webcams para Adultos<\/h2><\/div><\/div>[vc_column_text]Segun las las estad\u00edsticas, despu\u00e9s de los sitios web de entretenimiento para adultos, el mayor tr\u00e1fico llega a los sitios de c\u00e1maras para adultos. A las personas les encanta ver modelos en vivo y est\u00e1n ansiosos por gastar su dinero en \u00e9l o la modelo si les gusta lo que ven. Estos sitios de c\u00e1maras web ofrecen al p\u00fablico que paga la experiencia de un espect\u00e1culo striptease en vivo, donde pueden lograr que el o la modelo cumpla sus deseos. Este elemento de control es un sentimiento incre\u00edblemente adictivo, por lo que a las personas no les importa pagar grandes cantidades por esa experiencia. La principal ventaja de este segmento es que puedes configurar un sitio de c\u00e1maras web f\u00e1cilmente y no se requieren grandes recursos. Lo m\u00e1s dif\u00edcil es monetizar tu sitio web. Mientras que los grandes personajes en el negocio, como Chaturbate, Live Jasmine y Bongo Cams, generan una cantidad considerable de dinero, los peque\u00f1os luchan por sobrevivir a la feroz competencia. Los y las modelos individuales tambi\u00e9n han logrado monetizar el sector de la c\u00e1mara web y generar mucho dinero a trav\u00e9s de sus propios sitios web de c\u00e1maras. A trav\u00e9s de la promoci\u00f3n de modelos de c\u00e1maras web para adultos, hemos ayudado a muchas personas y sitios de c\u00e1maras en l\u00ednea a lograr el \u00e9xito en la industria para adultos.[\/vc_column_text][\/vc_column][vc_column width=\u00bb1\/2&#8243;][vc_single_image image=\u00bb25438&#8243; img_size=\u00bbfull\u00bb alignment=\u00bbcenter\u00bb][\/vc_column][\/vc_row][vc_row content_placement=\u00bbmiddle\u00bb bg_type=\u00bbbg_color\u00bb bg_override=\u00bbex-full\u00bb bg_color_value=\u00bb#333333&#8243;][vc_column width=\u00bb1\/2&#8243;]<div id=\"ultimate-heading-755369d19e2b939aa\" class=\"uvc-heading ult-adjust-bottom-margin ultimate-heading-755369d19e2b939aa uvc-108 \" data-hspacer=\"no_spacer\"  data-halign=\"left\" style=\"text-align:left\"><div class=\"uvc-heading-spacer no_spacer\" style=\"top\"><\/div><div class=\"uvc-main-heading ult-responsive\"  data-ultimate-target='.uvc-heading.ultimate-heading-755369d19e2b939aa h2'  data-responsive-json-new='{\"font-size\":\"\",\"line-height\":\"\"}' ><h2 style=\"font-weight:normal;color:#ff4c00;\">SEO para Sitios web de C\u00e1maras Web para Adultos<\/h2><\/div><div class=\"uvc-sub-heading ult-responsive\"  data-ultimate-target='.uvc-heading.ultimate-heading-755369d19e2b939aa .uvc-sub-heading '  data-responsive-json-new='{\"font-size\":\"\",\"line-height\":\"\"}'  style=\"font-weight:normal;color:#ffffff;\">La batalla entre los sitios de c\u00e1maras web, nuevos y antiguos, es \u00fanicamente por tr\u00e1fico. La \u00fanica forma de ganar esta guerra territorial es superar a los competidores o elegir un nicho en el que haya menos competencia.<\/p>\n<p>Le daremos a tu negocio el impulso que necesita a trav\u00e9s de nuestros servicios de marketing para sitios de c\u00e1maras web para adultos. Si eres nuevo en la industria, te ayudaremos con la optimizaci\u00f3n de tu sitio web y te llevaremos de la mano para que comprendas c\u00f3mo funciona el mercado. Realizaremos una investigaci\u00f3n profunda y multidimensional para comprender qu\u00e9 impulsa el tr\u00e1fico en tu sector. En el SEO para sitios web de c\u00e1maras web para adultos, es necesario comprender que quieren tus visitantes, y si puedes d\u00e1rselos, no te resultar\u00e1 dif\u00edcil ganar dinero. Luego, como en todos los sitios para adultos, realizamos una auditor\u00eda de tu sitio web y resolvemos todos los problemas relacionados con tu sitio.<\/div><\/div>[\/vc_column][vc_column width=\u00bb1\/2&#8243;][vc_single_image image=\u00bb25435&#8243; img_size=\u00bbfull\u00bb alignment=\u00bbcenter\u00bb][\/vc_column][\/vc_row][vc_row bg_type=\u00bbbg_color\u00bb bg_override=\u00bbex-full\u00bb bg_color_value=\u00bb#333333&#8243;][vc_column width=\u00bb1\/2&#8243;][vc_single_image image=\u00bb25441&#8243; img_size=\u00bbfull\u00bb alignment=\u00bbcenter\u00bb][\/vc_column][vc_column width=\u00bb1\/2&#8243;]<div id=\"ultimate-heading-952769d19e2b939f9\" class=\"uvc-heading ult-adjust-bottom-margin ultimate-heading-952769d19e2b939f9 uvc-8822 \" data-hspacer=\"no_spacer\"  data-halign=\"left\" style=\"text-align:left\"><div class=\"uvc-heading-spacer no_spacer\" style=\"top\"><\/div><div class=\"uvc-sub-heading ult-responsive\"  data-ultimate-target='.uvc-heading.ultimate-heading-952769d19e2b939f9 .uvc-sub-heading '  data-responsive-json-new='{\"font-size\":\"\",\"line-height\":\"\"}'  style=\"font-weight:normal;color:#ffffff;\">Realizamos un estricto ejercicio de <em>link building<\/em> para comenzar el SEO externo para sitios de c\u00e1maras para adultos a trav\u00e9s de nuestra red confiable de blogs y foros de discusi\u00f3n. Aqu\u00ed evitamos el uso de t\u00e9cnicas <em>black-hat<\/em>, ya que estas pueden generar fuertes sanciones para tu sitio web. Al mismo tiempo, usamos nuestra investigaci\u00f3n para encontrar problemas de contenido en tu sitio web y as\u00ed corregirlos. Tambi\u00e9n publicamos contenido de calidad en sitios web de alta autoridad. A trav\u00e9s de este m\u00e9todo indirecto de marketing, nuestro objetivo es desarrollar la autoridad de tu sitio de c\u00e1maras web.<\/p>\n<p>El marketing de afiliados para adultos es una parte importante de nuestra estrategia de SEO para modelos y sitios web de c\u00e1maras para adultos. Creamos tu red de afiliados para adultos, y nuestros contactos inmejorables en el sector adulto ayudan a tu sitio de c\u00e1maras web a atraer tr\u00e1fico de todo tipo de fuentes.<\/p>\n<p>Las redes sociales y las publicaciones en foros como Reddit tambi\u00e9n son una fuente importante de tr\u00e1fico para tu sitio, y nos aseguramos de que esto tambi\u00e9n est\u00e9 cubierto.<\/div><\/div>[\/vc_column][\/vc_row][vc_row bg_type=\u00bbimage\u00bb parallax_style=\u00bbvcpb-default\u00bb bg_image_new=\u00bbid^24205|url^https:\/\/adultseo.net\/wp-content\/uploads\/2021\/05\/seo-bg.jpg|caption^null|alt^null|title^seo bg|description^null\u00bb bg_override=\u00bbex-full\u00bb css=\u00bb.vc_custom_1619956980416{margin-top: 50px !important;padding-top: 50px !important;padding-bottom: 50px !important;}\u00bb][vc_column width=\u00bb1\/6&#8243;][\/vc_column][vc_column width=\u00bb2\/3&#8243; css=\u00bb.vc_custom_1619956894470{padding-top: 5% !important;padding-right: 5% !important;padding-bottom: 5% !important;padding-left: 5% !important;background-color: #f7f7f7 !important;}\u00bb]<div id=\"ultimate-heading-48969d19e2b93a25\" class=\"uvc-heading ult-adjust-bottom-margin ultimate-heading-48969d19e2b93a25 uvc-3507 \" data-hspacer=\"no_spacer\"  data-halign=\"center\" style=\"text-align:center\"><div class=\"uvc-heading-spacer no_spacer\" style=\"top\"><\/div><div class=\"uvc-main-heading ult-responsive\"  data-ultimate-target='.uvc-heading.ultimate-heading-48969d19e2b93a25 h2'  data-responsive-json-new='{\"font-size\":\"\",\"line-height\":\"\"}' ><h2 style=\"font-weight:normal;margin-bottom:2%;\">Cu\u00e9ntenos sus requisitos<\/h2><\/div><\/div><div class=\"wpforms-container wpforms-container-full\" id=\"wpforms-24439\"><form id=\"wpforms-form-24439\" class=\"wpforms-validate wpforms-form\" data-formid=\"24439\" method=\"post\" enctype=\"multipart\/form-data\" action=\"\/es\/wp-json\/wp\/v2\/pages\/24453\"><noscript class=\"wpforms-error-noscript\">Por favor, activa JavaScript en tu navegador para completar este formulario.<\/noscript><div class=\"wpforms-field-container\"><div id=\"wpforms-24439-field_5-container\" class=\"wpforms-field wpforms-field-url\" data-field-id=\"5\"><label class=\"wpforms-field-label\" for=\"wpforms-24439-field_5\">Sitio web <span class=\"wpforms-required-label\">*<\/span><\/label><input type=\"url\" id=\"wpforms-24439-field_5\" class=\"wpforms-field-large wpforms-field-required\" name=\"wpforms[fields][5]\" placeholder=\"www.your-website.com\" required><\/div><div id=\"wpforms-24439-field_0-container\" class=\"wpforms-field wpforms-field-name wpforms-one-half wpforms-first\" data-field-id=\"0\"><label class=\"wpforms-field-label\" for=\"wpforms-24439-field_0\">Nombre <span class=\"wpforms-required-label\">*<\/span><\/label><input type=\"text\" id=\"wpforms-24439-field_0\" class=\"wpforms-field-large wpforms-field-required\" name=\"wpforms[fields][0]\" required><\/div><div id=\"wpforms-24439-field_2-container\" class=\"wpforms-field wpforms-field-email wpforms-one-half\" data-field-id=\"2\"><label class=\"wpforms-field-label\" for=\"wpforms-24439-field_2\">Email <span class=\"wpforms-required-label\">*<\/span><\/label><input type=\"email\" id=\"wpforms-24439-field_2\" class=\"wpforms-field-large wpforms-field-required\" name=\"wpforms[fields][2]\" required><\/div><div id=\"wpforms-24439-field_4-container\" class=\"wpforms-field wpforms-field-textarea\" data-field-id=\"4\"><label class=\"wpforms-field-label\" for=\"wpforms-24439-field_4\">Detalles<\/label><textarea id=\"wpforms-24439-field_4\" class=\"wpforms-field-small\" name=\"wpforms[fields][4]\" ><\/textarea><\/div><div id=\"wpforms-24439-field_7-container\" class=\"wpforms-field wpforms-field-captcha\" data-field-id=\"7\"><label class=\"wpforms-field-label\" for=\"wpforms-24439-field_7\">Captcha <span class=\"wpforms-required-label\">*<\/span><\/label>\t\t\t<div class=\"wpforms-captcha-math\">\n\t\t\t\t<span class=\"wpforms-captcha-equation\">\n\t\t\t\t\t<span class=\"n1\"><\/span>\n\t\t\t\t\t<span class=\"cal\"><\/span>\n\t\t\t\t\t<span class=\"n2\"><\/span>\n\t\t\t\t\t<span class=\"e\">=<\/span>\n\t\t\t\t<\/span>\n\t\t\t\t<input type=\"text\" id=\"wpforms-24439-field_7\" class=\"wpforms-field-medium wpforms-field-required a\" data-rule-wpf-captcha=\"math\" name=\"wpforms[fields][7][a]\" required>\t\t\t\t<input type=\"hidden\" name=\"wpforms[fields][7][cal]\" class=\"cal\">\n\t\t\t\t<input type=\"hidden\" name=\"wpforms[fields][7][n2]\" class=\"n2\">\n\t\t\t\t<input type=\"hidden\" name=\"wpforms[fields][7][n1]\" class=\"n1\">\n\t\t\t<\/div>\n\t\t\t<\/div><\/div><div class=\"wpforms-field wpforms-field-hp\"><label for=\"wpforms-24439-field-hp\" class=\"wpforms-field-label\">Phone<\/label><input type=\"text\" name=\"wpforms[hp]\" id=\"wpforms-24439-field-hp\" class=\"wpforms-field-medium\"><\/div><div class=\"wpforms-submit-container\" ><input type=\"hidden\" name=\"wpforms[id]\" value=\"24439\"><input type=\"hidden\" name=\"wpforms[author]\" value=\"1\"><button type=\"submit\" name=\"wpforms[submit]\" class=\"wpforms-submit \" id=\"wpforms-submit-24439\" value=\"wpforms-submit\" aria-live=\"assertive\" data-alt-text=\"Sending...\" data-submit-text=\"Aqu\u00ed de un experto\">Aqu\u00ed de un experto<\/button><\/div><\/form><\/div>  <!-- .wpforms-container --><div><\/div>[\/vc_column][vc_column width=\u00bb1\/6&#8243;][\/vc_column][\/vc_row]<\/p>\n<\/div>","protected":false},"excerpt":{"rendered":"<p>[vc_row content_placement=\u00bbmiddle\u00bb bg_type=\u00bbbg_color\u00bb bg_override=\u00bbex-full\u00bb bg_color_value=\u00bb#f7f7f7&#8243;][vc_column width=\u00bb1\/2&#8243;][vc_column_text]Segun las las estad\u00edsticas, despu\u00e9s de los sitios web de entretenimiento para adultos, el mayor tr\u00e1fico llega a los sitios de c\u00e1maras para adultos. A las personas les encanta ver modelos en vivo y est\u00e1n ansiosos por gastar su dinero en \u00e9l o la modelo si les gusta lo que &#8230; <a title=\"Adult Webcam SEO\" class=\"read-more\" href=\"https:\/\/adultseo.net\/es\/seo-para-camaras-web-de-adultos\/\" aria-label=\"Leer m\u00e1s sobre Adult Webcam SEO\">Leer m\u00e1s<\/a><\/p>\n","protected":false},"author":1,"featured_media":0,"parent":0,"menu_order":0,"comment_status":"closed","ping_status":"closed","template":"","meta":{"footnotes":""},"class_list":["post-24453","page","type-page","status-publish"],"yoast_head":"<!-- This site is optimized with the Yoast SEO plugin v27.3 - https:\/\/yoast.com\/product\/yoast-seo-wordpress\/ -->\n<title>SEO para c\u00e1maras web de adultos | SEO para sitios web de c\u00e1maras sexuales: AdultSEO.net<\/title>\n<meta name=\"description\" content=\"La batalla entre los distintos sitios de webcam, nuevos y antiguos, es por el tr\u00e1fico y los primeros puestos. Le daremos a su negocio el impulso que necesita a trav\u00e9s de nuestros servicios de SEO y promoci\u00f3n de c\u00e1maras web para adultos.\" \/>\n<meta name=\"robots\" content=\"index, follow, max-snippet:-1, max-image-preview:large, max-video-preview:-1\" \/>\n<link rel=\"canonical\" href=\"https:\/\/adultseo.net\/es\/seo-para-camaras-web-de-adultos\/\" \/>\n<meta property=\"og:locale\" content=\"es_ES\" \/>\n<meta property=\"og:type\" content=\"article\" \/>\n<meta property=\"og:title\" content=\"SEO para c\u00e1maras web de adultos | SEO para sitios web de c\u00e1maras sexuales: AdultSEO.net\" \/>\n<meta property=\"og:description\" content=\"La batalla entre los distintos sitios de webcam, nuevos y antiguos, es por el tr\u00e1fico y los primeros puestos. Le daremos a su negocio el impulso que necesita a trav\u00e9s de nuestros servicios de SEO y promoci\u00f3n de c\u00e1maras web para adultos.\" \/>\n<meta property=\"og:url\" content=\"https:\/\/adultseo.net\/es\/seo-para-camaras-web-de-adultos\/\" \/>\n<meta property=\"og:site_name\" content=\"Adult SEO\" \/>\n<meta property=\"article:modified_time\" content=\"2024-08-21T11:17:24+00:00\" \/>\n<meta name=\"twitter:card\" content=\"summary_large_image\" \/>\n<meta name=\"twitter:label1\" content=\"Tiempo de lectura\" \/>\n\t<meta name=\"twitter:data1\" content=\"3 minutos\" \/>\n<script type=\"application\/ld+json\" class=\"yoast-schema-graph\">{\"@context\":\"https:\\\/\\\/schema.org\",\"@graph\":[{\"@type\":\"WebPage\",\"@id\":\"https:\\\/\\\/adultseo.net\\\/es\\\/seo-para-camaras-web-de-adultos\\\/\",\"url\":\"https:\\\/\\\/adultseo.net\\\/es\\\/seo-para-camaras-web-de-adultos\\\/\",\"name\":\"SEO para c\u00e1maras web de adultos | SEO para sitios web de c\u00e1maras sexuales: AdultSEO.net\",\"isPartOf\":{\"@id\":\"https:\\\/\\\/adultseo.net\\\/es\\\/#website\"},\"datePublished\":\"2020-03-15T09:53:08+00:00\",\"dateModified\":\"2024-08-21T11:17:24+00:00\",\"description\":\"La batalla entre los distintos sitios de webcam, nuevos y antiguos, es por el tr\u00e1fico y los primeros puestos. Le daremos a su negocio el impulso que necesita a trav\u00e9s de nuestros servicios de SEO y promoci\u00f3n de c\u00e1maras web para adultos.\",\"breadcrumb\":{\"@id\":\"https:\\\/\\\/adultseo.net\\\/es\\\/seo-para-camaras-web-de-adultos\\\/#breadcrumb\"},\"inLanguage\":\"es\",\"potentialAction\":[{\"@type\":\"ReadAction\",\"target\":[\"https:\\\/\\\/adultseo.net\\\/es\\\/seo-para-camaras-web-de-adultos\\\/\"]}]},{\"@type\":\"BreadcrumbList\",\"@id\":\"https:\\\/\\\/adultseo.net\\\/es\\\/seo-para-camaras-web-de-adultos\\\/#breadcrumb\",\"itemListElement\":[{\"@type\":\"ListItem\",\"position\":1,\"name\":\"Home\",\"item\":\"https:\\\/\\\/adultseo.net\\\/es\\\/\"},{\"@type\":\"ListItem\",\"position\":2,\"name\":\"Adult Webcam SEO\"}]},{\"@type\":\"WebSite\",\"@id\":\"https:\\\/\\\/adultseo.net\\\/es\\\/#website\",\"url\":\"https:\\\/\\\/adultseo.net\\\/es\\\/\",\"name\":\"Adult SEO\",\"description\":\"Adult SEO Services\",\"publisher\":{\"@id\":\"https:\\\/\\\/adultseo.net\\\/es\\\/#organization\"},\"potentialAction\":[{\"@type\":\"SearchAction\",\"target\":{\"@type\":\"EntryPoint\",\"urlTemplate\":\"https:\\\/\\\/adultseo.net\\\/es\\\/?s={search_term_string}\"},\"query-input\":{\"@type\":\"PropertyValueSpecification\",\"valueRequired\":true,\"valueName\":\"search_term_string\"}}],\"inLanguage\":\"es\"},{\"@type\":\"Organization\",\"@id\":\"https:\\\/\\\/adultseo.net\\\/es\\\/#organization\",\"name\":\"Adult SEO\",\"url\":\"https:\\\/\\\/adultseo.net\\\/es\\\/\",\"logo\":{\"@type\":\"ImageObject\",\"inLanguage\":\"es\",\"@id\":\"https:\\\/\\\/adultseo.net\\\/es\\\/#\\\/schema\\\/logo\\\/image\\\/\",\"url\":\"https:\\\/\\\/adultseo.net\\\/wp-content\\\/uploads\\\/2020\\\/03\\\/adultseo_logo.png\",\"contentUrl\":\"https:\\\/\\\/adultseo.net\\\/wp-content\\\/uploads\\\/2020\\\/03\\\/adultseo_logo.png\",\"width\":250,\"height\":66,\"caption\":\"Adult SEO\"},\"image\":{\"@id\":\"https:\\\/\\\/adultseo.net\\\/es\\\/#\\\/schema\\\/logo\\\/image\\\/\"}}]}<\/script>\n<!-- \/ Yoast SEO plugin. -->","yoast_head_json":{"title":"SEO para c\u00e1maras web de adultos | SEO para sitios web de c\u00e1maras sexuales: AdultSEO.net","description":"La batalla entre los distintos sitios de webcam, nuevos y antiguos, es por el tr\u00e1fico y los primeros puestos. Le daremos a su negocio el impulso que necesita a trav\u00e9s de nuestros servicios de SEO y promoci\u00f3n de c\u00e1maras web para adultos.","robots":{"index":"index","follow":"follow","max-snippet":"max-snippet:-1","max-image-preview":"max-image-preview:large","max-video-preview":"max-video-preview:-1"},"canonical":"https:\/\/adultseo.net\/es\/seo-para-camaras-web-de-adultos\/","og_locale":"es_ES","og_type":"article","og_title":"SEO para c\u00e1maras web de adultos | SEO para sitios web de c\u00e1maras sexuales: AdultSEO.net","og_description":"La batalla entre los distintos sitios de webcam, nuevos y antiguos, es por el tr\u00e1fico y los primeros puestos. Le daremos a su negocio el impulso que necesita a trav\u00e9s de nuestros servicios de SEO y promoci\u00f3n de c\u00e1maras web para adultos.","og_url":"https:\/\/adultseo.net\/es\/seo-para-camaras-web-de-adultos\/","og_site_name":"Adult SEO","article_modified_time":"2024-08-21T11:17:24+00:00","twitter_card":"summary_large_image","twitter_misc":{"Tiempo de lectura":"3 minutos"},"schema":{"@context":"https:\/\/schema.org","@graph":[{"@type":"WebPage","@id":"https:\/\/adultseo.net\/es\/seo-para-camaras-web-de-adultos\/","url":"https:\/\/adultseo.net\/es\/seo-para-camaras-web-de-adultos\/","name":"SEO para c\u00e1maras web de adultos | SEO para sitios web de c\u00e1maras sexuales: AdultSEO.net","isPartOf":{"@id":"https:\/\/adultseo.net\/es\/#website"},"datePublished":"2020-03-15T09:53:08+00:00","dateModified":"2024-08-21T11:17:24+00:00","description":"La batalla entre los distintos sitios de webcam, nuevos y antiguos, es por el tr\u00e1fico y los primeros puestos. Le daremos a su negocio el impulso que necesita a trav\u00e9s de nuestros servicios de SEO y promoci\u00f3n de c\u00e1maras web para adultos.","breadcrumb":{"@id":"https:\/\/adultseo.net\/es\/seo-para-camaras-web-de-adultos\/#breadcrumb"},"inLanguage":"es","potentialAction":[{"@type":"ReadAction","target":["https:\/\/adultseo.net\/es\/seo-para-camaras-web-de-adultos\/"]}]},{"@type":"BreadcrumbList","@id":"https:\/\/adultseo.net\/es\/seo-para-camaras-web-de-adultos\/#breadcrumb","itemListElement":[{"@type":"ListItem","position":1,"name":"Home","item":"https:\/\/adultseo.net\/es\/"},{"@type":"ListItem","position":2,"name":"Adult Webcam SEO"}]},{"@type":"WebSite","@id":"https:\/\/adultseo.net\/es\/#website","url":"https:\/\/adultseo.net\/es\/","name":"Adult SEO","description":"Adult SEO Services","publisher":{"@id":"https:\/\/adultseo.net\/es\/#organization"},"potentialAction":[{"@type":"SearchAction","target":{"@type":"EntryPoint","urlTemplate":"https:\/\/adultseo.net\/es\/?s={search_term_string}"},"query-input":{"@type":"PropertyValueSpecification","valueRequired":true,"valueName":"search_term_string"}}],"inLanguage":"es"},{"@type":"Organization","@id":"https:\/\/adultseo.net\/es\/#organization","name":"Adult SEO","url":"https:\/\/adultseo.net\/es\/","logo":{"@type":"ImageObject","inLanguage":"es","@id":"https:\/\/adultseo.net\/es\/#\/schema\/logo\/image\/","url":"https:\/\/adultseo.net\/wp-content\/uploads\/2020\/03\/adultseo_logo.png","contentUrl":"https:\/\/adultseo.net\/wp-content\/uploads\/2020\/03\/adultseo_logo.png","width":250,"height":66,"caption":"Adult SEO"},"image":{"@id":"https:\/\/adultseo.net\/es\/#\/schema\/logo\/image\/"}}]}},"_links":{"self":[{"href":"https:\/\/adultseo.net\/es\/wp-json\/wp\/v2\/pages\/24453","targetHints":{"allow":["GET"]}}],"collection":[{"href":"https:\/\/adultseo.net\/es\/wp-json\/wp\/v2\/pages"}],"about":[{"href":"https:\/\/adultseo.net\/es\/wp-json\/wp\/v2\/types\/page"}],"author":[{"embeddable":true,"href":"https:\/\/adultseo.net\/es\/wp-json\/wp\/v2\/users\/1"}],"replies":[{"embeddable":true,"href":"https:\/\/adultseo.net\/es\/wp-json\/wp\/v2\/comments?post=24453"}],"version-history":[{"count":0,"href":"https:\/\/adultseo.net\/es\/wp-json\/wp\/v2\/pages\/24453\/revisions"}],"wp:attachment":[{"href":"https:\/\/adultseo.net\/es\/wp-json\/wp\/v2\/media?parent=24453"}],"curies":[{"name":"wp","href":"https:\/\/api.w.org\/{rel}","templated":true}]}}