{"id":24449,"date":"2020-03-15T09:51:46","date_gmt":"2020-03-15T09:51:46","guid":{"rendered":"https:\/\/adultseo.net\/gambling-casino-seo\/"},"modified":"2024-08-23T05:41:45","modified_gmt":"2024-08-23T05:41:45","slug":"seo-para-casinos","status":"publish","type":"page","link":"https:\/\/adultseo.net\/es\/seo-para-casinos\/","title":{"rendered":"Gambling-Casino SEO"},"content":{"rendered":"<div class=\"wpb-content-wrapper\"><p>[vc_row content_placement=\u00bbmiddle\u00bb bg_type=\u00bbbg_color\u00bb bg_override=\u00bbex-full\u00bb bg_color_value=\u00bb#f7f7f7&#8243;][vc_column width=\u00bb1\/2&#8243;]<div id=\"ultimate-heading-958669d19c4409bbf\" class=\"uvc-heading ult-adjust-bottom-margin ultimate-heading-958669d19c4409bbf uvc-7375 \" data-hspacer=\"no_spacer\"  data-halign=\"left\" style=\"text-align:left\"><div class=\"uvc-heading-spacer no_spacer\" style=\"top\"><\/div><div class=\"uvc-main-heading ult-responsive\"  data-ultimate-target='.uvc-heading.ultimate-heading-958669d19c4409bbf h2'  data-responsive-json-new='{\"font-size\":\"\",\"line-height\":\"\"}' ><h2 style=\"font-weight:bold;color:#ff4c00;margin-bottom:2%;\">SEO para Casinos-Apuestas<\/h2><\/div><\/div>[vc_column_text]Para muchos, Zynga Poker fue la primera experiencia en las apuestas online, \u00a1y les encant\u00f3! A una poblaci\u00f3n significativa de usuarios les encanta jugar desde la comodidad de su hogar. El segmento de apuestas y juegos de azar se ha convertido en una fuente de ingresos para muchos sitios web para adultos. Muchas empresas han creado sitios web para capitalizar esta avalancha de tr\u00e1fico que los juegos de azar en l\u00ednea est\u00e1 trayendo en estos d\u00edas, pero no muchas tienen \u00e9xito. \u00a1La raz\u00f3n es simple! Solo unos pocos tienen los bolsillos para sobrevivir a los altos y bajos del segmento. Incluso los m\u00e1s peque\u00f1os tienen el tr\u00e1fico necesario para mantener un alto flujo de caja. Existe otro desaf\u00edo al que se enfrentan las empresas de este segmento; los motores de b\u00fasqueda no toman mucho en cuenta a los sitios de juegos de azar y es dif\u00edcil clasificar org\u00e1nicamente seg\u00fan palabras clave espec\u00edficas. Existen pocos especialistas en SEO para sitios web de juegos de azar y casinos con el ingenio para ayudarte a crear un negocio en l\u00ednea exitoso. La buena noticia es que has llegado al lugar correcto, \u00a1ya que somos uno de los pocos que han tenido \u00e9xito en este campo![\/vc_column_text][\/vc_column][vc_column width=\u00bb1\/2&#8243;][vc_single_image image=\u00bb25531&#8243; img_size=\u00bbfull\u00bb alignment=\u00bbcenter\u00bb][\/vc_column][\/vc_row][vc_row content_placement=\u00bbmiddle\u00bb bg_type=\u00bbbg_color\u00bb bg_override=\u00bbex-full\u00bb bg_color_value=\u00bb#333333&#8243;][vc_column width=\u00bb1\/2&#8243;][vc_single_image image=\u00bb25608&#8243; img_size=\u00bbfull\u00bb alignment=\u00bbcenter\u00bb][\/vc_column][vc_column width=\u00bb1\/2&#8243;]<div id=\"ultimate-heading-928369d19c4409c35\" class=\"uvc-heading ult-adjust-bottom-margin ultimate-heading-928369d19c4409c35 uvc-6610 \" data-hspacer=\"no_spacer\"  data-halign=\"left\" style=\"text-align:left\"><div class=\"uvc-heading-spacer no_spacer\" style=\"top\"><\/div><div class=\"uvc-main-heading ult-responsive\"  data-ultimate-target='.uvc-heading.ultimate-heading-928369d19c4409c35 h2'  data-responsive-json-new='{\"font-size\":\"\",\"line-height\":\"\"}' ><h2 style=\"font-weight:normal;color:#ff4c00;margin-bottom:2%;\">Las Sutilezas del SEO para Sitios web de Juegos de Apuestas<\/h2><\/div><div class=\"uvc-sub-heading ult-responsive\"  data-ultimate-target='.uvc-heading.ultimate-heading-928369d19c4409c35 .uvc-sub-heading '  data-responsive-json-new='{\"font-size\":\"\",\"line-height\":\"\"}'  style=\"font-weight:normal;color:#ffffff;\">La categor\u00eda de juegos de apuestas en l\u00ednea incluye una amplia variedad de sitios, como sitios de apuestas, sitios de p\u00f3quer y muchos juegos de cartas que permiten a los usuarios apostar y ganar dinero. Esta corriente es un poco diferente de las dem\u00e1s en el \u00e1mbito de SEO para adultos, ya que abarca elementos convencionales y del dominio de adultos. En primer lugar, la experiencia del sitio web debe ser de primera categor\u00eda y no puede haber ninguna falla en este aspecto. Un dise\u00f1o que se destaque entre la multitud puede hacer que tu sitio web lleve la delantera y, por lo tanto, te recomendamos que dediques un poco de tiempo a eso. Tambi\u00e9n puedes hacer uso de nuestra experiencia en dise\u00f1o web para adultos para darte una ventaja. Ser\u00eda \u00fatil si tuvieras una interfaz atractiva y f\u00e1cil de usar para que los usuarios puedan apostar f\u00e1cilmente y realizar pagos sin problemas. De lo contrario, tus tasas de rebote aumentar\u00e1n y eso no ser\u00e1 bueno para tu posicionamiento. Los motores de b\u00fasqueda ver\u00e1n esto como una se\u00f1al de un sitio web que no es de mucha utilidad para los usuarios que buscan ciertas palabras clave, y todas tus inversiones se ir\u00e1n por el desag\u00fce. Entonces, necesitas un sitio web altamente optimizado para cubrir todas las bases desde el punto de vista de SEO. Este proceso de creaci\u00f3n de un negocio de juegos de apuestas requerir\u00e1 algo de tiempo, por lo que la paciencia es una virtud.<\/div><\/div>[\/vc_column][\/vc_row][vc_row content_placement=\u00bbmiddle\u00bb bg_type=\u00bbbg_color\u00bb bg_override=\u00bbex-full\u00bb bg_color_value=\u00bb#333333&#8243;][vc_column width=\u00bb1\/2&#8243;]<div id=\"ultimate-heading-29469d19c4409c6f\" class=\"uvc-heading ult-adjust-bottom-margin ultimate-heading-29469d19c4409c6f uvc-7844 \" data-hspacer=\"no_spacer\"  data-halign=\"left\" style=\"text-align:left\"><div class=\"uvc-heading-spacer no_spacer\" style=\"top\"><\/div><div class=\"uvc-sub-heading ult-responsive\"  data-ultimate-target='.uvc-heading.ultimate-heading-29469d19c4409c6f .uvc-sub-heading '  data-responsive-json-new='{\"font-size\":\"\",\"line-height\":\"\"}'  style=\"font-weight:normal;color:#ffffff;\">Los sitios de apuestas requieren una gran cantidad de usuarios para ser rentables, ya que la presencia de m\u00e1s jugadores ayuda a atraer a\u00fan m\u00e1s usuarios. A las personas les gusta competir, y cuanta m\u00e1s competencia les des, \u00a1mayor ser\u00e1 su emoci\u00f3n! Los apostadores siempre est\u00e1n en busca de grandes pagos, y tu podr\u00e1s proporcionarlos solo si puedes cobrar el dinero de los otros jugadores. Recuerda, la casa siempre debe ganar, \u00a1entonces solo la casa puede continuar con las operaciones! Por lo tanto, el SEO de juegos de apuestas opera a un nivel completamente diferente ya que los requisitos de tr\u00e1fico son significativamente m\u00e1s altos que otros sitios web. Tambi\u00e9n debes dirigirte a clientes que puedan y est\u00e9n dispuestos a pagar en l\u00ednea. Otra estrategia que debe emplearse es el uso de campa\u00f1as PPC estrat\u00e9gicas para atraer usuarios. Necesitar\u00e1s el respaldo de la investigaci\u00f3n y la experiencia adecuada para administrar las promociones PPC y obtener un retorno adecuado de tu inversi\u00f3n de estos d\u00f3lares invertidos en publicidad.<\/div><\/div>[\/vc_column][vc_column width=\u00bb1\/2&#8243;][vc_single_image image=\u00bb25529&#8243; img_size=\u00bbfull\u00bb alignment=\u00bbcenter\u00bb][\/vc_column][\/vc_row][vc_row content_placement=\u00bbmiddle\u00bb][vc_column width=\u00bb1\/2&#8243;]<div id=\"ultimate-heading-817769d19c4409c90\" class=\"uvc-heading ult-adjust-bottom-margin ultimate-heading-817769d19c4409c90 uvc-9377 \" data-hspacer=\"no_spacer\"  data-halign=\"left\" style=\"text-align:left\"><div class=\"uvc-heading-spacer no_spacer\" style=\"top\"><\/div><div class=\"uvc-main-heading ult-responsive\"  data-ultimate-target='.uvc-heading.ultimate-heading-817769d19c4409c90 h2'  data-responsive-json-new='{\"font-size\":\"\",\"line-height\":\"\"}' ><h2 style=\"font-weight:bold;color:#ff4c00;margin-bottom:2%;\">SEO para Casinos<\/h2><\/div><\/div>[vc_column_text]Los casinos est\u00e1n por todos lados en estos d\u00edas, y se est\u00e1n abriendo m\u00e1s en diferentes partes del mundo, ya que los gobiernos ven esta industria como una fuente de empleo y de turismo. Esta tendencia significa que la competencia est\u00e1 aumentando, pero tambi\u00e9n la demanda, ya que muchos mercados sin explotar se est\u00e1n abriendo para los operadores de casinos. Atr\u00e1s quedaron los d\u00edas en los que pod\u00edas invertir en la infraestructura f\u00edsica de tu casino y que la gente llegue y gaste todo lo que pudiera!<\/p>\n<p>Ahora necesitas tener una presencia en l\u00ednea relevante para ganar visibilidad de marca en este segmento altamente competitivo. Recuerda que el p\u00fablico tiene un exceso de opciones y necesitas idear diferentes formas de marketing para atraer su atenci\u00f3n. El SEO para sitios web de casinos tiene sus propios desaf\u00edos, ya que el enfoque est\u00e1 en impulsar el inter\u00e9s de los usuarios y lograr que apuesten en l\u00ednea puede ser dif\u00edcil. Necesitas ofrecer una experiencia de usuario fluida que les recuerde a un casino real y les proporcione pagos r\u00e1pidos cuando ganan. Debes hacer que sientan que deben regresen por m\u00e1s, ya que as\u00ed puedes obtener muchos beneficios de los clientes frecuentes, y seguramente atraer\u00e1n a m\u00e1s personas.[\/vc_column_text][\/vc_column][vc_column width=\u00bb1\/2&#8243;][vc_single_image image=\u00bb25523&#8243; img_size=\u00bbfull\u00bb alignment=\u00bbcenter\u00bb][\/vc_column][\/vc_row][vc_row content_placement=\u00bbmiddle\u00bb bg_type=\u00bbbg_color\u00bb bg_override=\u00bbex-full\u00bb bg_color_value=\u00bb#f7f7f7&#8243;][vc_column width=\u00bb1\/2&#8243;][vc_single_image image=\u00bb25526&#8243; img_size=\u00bbfull\u00bb alignment=\u00bbcenter\u00bb][\/vc_column][vc_column width=\u00bb1\/2&#8243;]<div id=\"ultimate-heading-90969d19c4409cba\" class=\"uvc-heading ult-adjust-bottom-margin ultimate-heading-90969d19c4409cba uvc-3769 \" data-hspacer=\"no_spacer\"  data-halign=\"left\" style=\"text-align:left\"><div class=\"uvc-heading-spacer no_spacer\" style=\"top\"><\/div><div class=\"uvc-main-heading ult-responsive\"  data-ultimate-target='.uvc-heading.ultimate-heading-90969d19c4409cba h2'  data-responsive-json-new='{\"font-size\":\"\",\"line-height\":\"\"}' ><h2 style=\"font-weight:bold;color:#ff4c00;margin-bottom:2%;\">Contenido y Redes Sociales<\/h2><\/div><\/div>[vc_column_text]Si bien la experiencia del usuario y la optimizaci\u00f3n desempe\u00f1an un papel importante, tambi\u00e9n debes enfocar tu estrategia de contenido. Como parte de nuestros servicios de SEO para casinos, primero evaluamos lo que est\u00e1n haciendo tus competidores y lo combinamos con la investigaci\u00f3n de palabras clave gen\u00e9ricas para comprender qu\u00e9 s\u00ed funciona. De esta forma creamos contenido de calidad en forma de publicaciones de blog, art\u00edculos, comunicados de prensa, etc. Tambi\u00e9n contamos con un equipo de dise\u00f1adores gr\u00e1ficos y creadores de videos capacitados que crear\u00e1n contenido en infograf\u00edas y videos para tu negocio y promoverlo en m\u00faltiples plataformas de video en internet.<\/p>\n<p>Las redes sociales tambi\u00e9n pueden desempe\u00f1ar un papel importante en la promoci\u00f3n de tus servicios, ya que puedes atraer el inter\u00e9s de millones de personas presentes en las redes sociales. Si puedes hacer que tus usuarios hablen sobre su experiencia en sus redes sociales, entonces es una herramienta de marketing eficaz, porque nada es tan \u00fatil como la publicidad de boca en boca. Te ayudaremos a dise\u00f1ar una estrategia y administrar tus redes sociales para que puedas interactuar con tus usuarios. Tambi\u00e9n podemos ayudarte a realizar concursos y campa\u00f1as para mantener el inter\u00e9s de los usuarios.[\/vc_column_text][\/vc_column][\/vc_row][vc_row bg_type=\u00bbimage\u00bb parallax_style=\u00bbvcpb-default\u00bb bg_image_new=\u00bbid^24205|url^https:\/\/adultseo.net\/wp-content\/uploads\/2021\/05\/seo-bg.jpg|caption^null|alt^null|title^seo bg|description^null\u00bb bg_override=\u00bbex-full\u00bb css=\u00bb.vc_custom_1619954117212{padding-top: 50px !important;padding-bottom: 50px !important;}\u00bb][vc_column width=\u00bb1\/6&#8243;][\/vc_column][vc_column width=\u00bb2\/3&#8243; css=\u00bb.vc_custom_1619954142768{padding-top: 5% !important;padding-right: 5% !important;padding-bottom: 5% !important;padding-left: 5% !important;background-color: #f7f7f7 !important;}\u00bb]<div id=\"ultimate-heading-982869d19c4409cdd\" class=\"uvc-heading ult-adjust-bottom-margin ultimate-heading-982869d19c4409cdd uvc-6837 \" data-hspacer=\"no_spacer\"  data-halign=\"center\" style=\"text-align:center\"><div class=\"uvc-heading-spacer no_spacer\" style=\"top\"><\/div><div class=\"uvc-main-heading ult-responsive\"  data-ultimate-target='.uvc-heading.ultimate-heading-982869d19c4409cdd h2'  data-responsive-json-new='{\"font-size\":\"\",\"line-height\":\"\"}' ><h2 style=\"font-weight:normal;margin-bottom:2%;\">Cu\u00e9ntenos sus requisitos<\/h2><\/div><\/div><div class=\"wpforms-container wpforms-container-full\" id=\"wpforms-24439\"><form id=\"wpforms-form-24439\" class=\"wpforms-validate wpforms-form\" data-formid=\"24439\" method=\"post\" enctype=\"multipart\/form-data\" action=\"\/es\/wp-json\/wp\/v2\/pages\/24449\"><noscript class=\"wpforms-error-noscript\">Por favor, activa JavaScript en tu navegador para completar este formulario.<\/noscript><div class=\"wpforms-field-container\"><div id=\"wpforms-24439-field_5-container\" class=\"wpforms-field wpforms-field-url\" data-field-id=\"5\"><label class=\"wpforms-field-label\" for=\"wpforms-24439-field_5\">Sitio web <span class=\"wpforms-required-label\">*<\/span><\/label><input type=\"url\" id=\"wpforms-24439-field_5\" class=\"wpforms-field-large wpforms-field-required\" name=\"wpforms[fields][5]\" placeholder=\"www.your-website.com\" required><\/div><div id=\"wpforms-24439-field_0-container\" class=\"wpforms-field wpforms-field-name wpforms-one-half wpforms-first\" data-field-id=\"0\"><label class=\"wpforms-field-label\" for=\"wpforms-24439-field_0\">Nombre <span class=\"wpforms-required-label\">*<\/span><\/label><input type=\"text\" id=\"wpforms-24439-field_0\" class=\"wpforms-field-large wpforms-field-required\" name=\"wpforms[fields][0]\" required><\/div><div id=\"wpforms-24439-field_2-container\" class=\"wpforms-field wpforms-field-email wpforms-one-half\" data-field-id=\"2\"><label class=\"wpforms-field-label\" for=\"wpforms-24439-field_2\">Email <span class=\"wpforms-required-label\">*<\/span><\/label><input type=\"email\" id=\"wpforms-24439-field_2\" class=\"wpforms-field-large wpforms-field-required\" name=\"wpforms[fields][2]\" required><\/div><div id=\"wpforms-24439-field_4-container\" class=\"wpforms-field wpforms-field-textarea\" data-field-id=\"4\"><label class=\"wpforms-field-label\" for=\"wpforms-24439-field_4\">Detalles<\/label><textarea id=\"wpforms-24439-field_4\" class=\"wpforms-field-small\" name=\"wpforms[fields][4]\" ><\/textarea><\/div><div id=\"wpforms-24439-field_7-container\" class=\"wpforms-field wpforms-field-captcha\" data-field-id=\"7\"><label class=\"wpforms-field-label\" for=\"wpforms-24439-field_7\">Captcha <span class=\"wpforms-required-label\">*<\/span><\/label>\t\t\t<div class=\"wpforms-captcha-math\">\n\t\t\t\t<span class=\"wpforms-captcha-equation\">\n\t\t\t\t\t<span class=\"n1\"><\/span>\n\t\t\t\t\t<span class=\"cal\"><\/span>\n\t\t\t\t\t<span class=\"n2\"><\/span>\n\t\t\t\t\t<span class=\"e\">=<\/span>\n\t\t\t\t<\/span>\n\t\t\t\t<input type=\"text\" id=\"wpforms-24439-field_7\" class=\"wpforms-field-medium wpforms-field-required a\" data-rule-wpf-captcha=\"math\" name=\"wpforms[fields][7][a]\" required>\t\t\t\t<input type=\"hidden\" name=\"wpforms[fields][7][cal]\" class=\"cal\">\n\t\t\t\t<input type=\"hidden\" name=\"wpforms[fields][7][n2]\" class=\"n2\">\n\t\t\t\t<input type=\"hidden\" name=\"wpforms[fields][7][n1]\" class=\"n1\">\n\t\t\t<\/div>\n\t\t\t<\/div><\/div><div class=\"wpforms-field wpforms-field-hp\"><label for=\"wpforms-24439-field-hp\" class=\"wpforms-field-label\">Website<\/label><input type=\"text\" name=\"wpforms[hp]\" id=\"wpforms-24439-field-hp\" class=\"wpforms-field-medium\"><\/div><div class=\"wpforms-submit-container\" ><input type=\"hidden\" name=\"wpforms[id]\" value=\"24439\"><input type=\"hidden\" name=\"wpforms[author]\" value=\"1\"><button type=\"submit\" name=\"wpforms[submit]\" class=\"wpforms-submit \" id=\"wpforms-submit-24439\" value=\"wpforms-submit\" aria-live=\"assertive\" data-alt-text=\"Sending...\" data-submit-text=\"Aqu\u00ed de un experto\">Aqu\u00ed de un experto<\/button><\/div><\/form><\/div>  <!-- .wpforms-container --><div><\/div>[\/vc_column][vc_column width=\u00bb1\/6&#8243;][\/vc_column][\/vc_row]<\/p>\n<\/div>","protected":false},"excerpt":{"rendered":"<p>[vc_row content_placement=\u00bbmiddle\u00bb bg_type=\u00bbbg_color\u00bb bg_override=\u00bbex-full\u00bb bg_color_value=\u00bb#f7f7f7&#8243;][vc_column width=\u00bb1\/2&#8243;][vc_column_text]Para muchos, Zynga Poker fue la primera experiencia en las apuestas online, \u00a1y les encant\u00f3! A una poblaci\u00f3n significativa de usuarios les encanta jugar desde la comodidad de su hogar. El segmento de apuestas y juegos de azar se ha convertido en una fuente de ingresos para muchos sitios web &#8230; <a title=\"Gambling-Casino SEO\" class=\"read-more\" href=\"https:\/\/adultseo.net\/es\/seo-para-casinos\/\" aria-label=\"Leer m\u00e1s sobre Gambling-Casino SEO\">Leer m\u00e1s<\/a><\/p>\n","protected":false},"author":1,"featured_media":0,"parent":0,"menu_order":0,"comment_status":"closed","ping_status":"closed","template":"","meta":{"footnotes":""},"class_list":["post-24449","page","type-page","status-publish"],"yoast_head":"<!-- This site is optimized with the Yoast SEO plugin v27.3 - https:\/\/yoast.com\/product\/yoast-seo-wordpress\/ -->\n<title>SEO para casinos | SEO y creaci\u00f3n de enlaces para sitios web de videojuegos y apuestas: AdultSEO.net<\/title>\n<meta name=\"description\" content=\"Servicios de SEO y creaci\u00f3n de enlaces para sitios web de casinos, juegos de azar, videojuegos y apuestas. Orientaci\u00f3n para dar los mejores resultados en p\u00e1ginas web de juegos al azar y casinos a trav\u00e9s del SEO y las mejores t\u00e9cnicas de posicionamiento org\u00e1nico.\" \/>\n<meta name=\"robots\" content=\"index, follow, max-snippet:-1, max-image-preview:large, max-video-preview:-1\" \/>\n<link rel=\"canonical\" href=\"https:\/\/adultseo.net\/es\/seo-para-casinos\/\" \/>\n<meta property=\"og:locale\" content=\"es_ES\" \/>\n<meta property=\"og:type\" content=\"article\" \/>\n<meta property=\"og:title\" content=\"SEO para casinos | SEO y creaci\u00f3n de enlaces para sitios web de videojuegos y apuestas: AdultSEO.net\" \/>\n<meta property=\"og:description\" content=\"Servicios de SEO y creaci\u00f3n de enlaces para sitios web de casinos, juegos de azar, videojuegos y apuestas. Orientaci\u00f3n para dar los mejores resultados en p\u00e1ginas web de juegos al azar y casinos a trav\u00e9s del SEO y las mejores t\u00e9cnicas de posicionamiento org\u00e1nico.\" \/>\n<meta property=\"og:url\" content=\"https:\/\/adultseo.net\/es\/seo-para-casinos\/\" \/>\n<meta property=\"og:site_name\" content=\"Adult SEO\" \/>\n<meta property=\"article:modified_time\" content=\"2024-08-23T05:41:45+00:00\" \/>\n<meta name=\"twitter:card\" content=\"summary_large_image\" \/>\n<meta name=\"twitter:label1\" content=\"Tiempo de lectura\" \/>\n\t<meta name=\"twitter:data1\" content=\"5 minutos\" \/>\n<script type=\"application\/ld+json\" class=\"yoast-schema-graph\">{\"@context\":\"https:\\\/\\\/schema.org\",\"@graph\":[{\"@type\":\"WebPage\",\"@id\":\"https:\\\/\\\/adultseo.net\\\/es\\\/seo-para-casinos\\\/\",\"url\":\"https:\\\/\\\/adultseo.net\\\/es\\\/seo-para-casinos\\\/\",\"name\":\"SEO para casinos | SEO y creaci\u00f3n de enlaces para sitios web de videojuegos y apuestas: AdultSEO.net\",\"isPartOf\":{\"@id\":\"https:\\\/\\\/adultseo.net\\\/es\\\/#website\"},\"datePublished\":\"2020-03-15T09:51:46+00:00\",\"dateModified\":\"2024-08-23T05:41:45+00:00\",\"description\":\"Servicios de SEO y creaci\u00f3n de enlaces para sitios web de casinos, juegos de azar, videojuegos y apuestas. Orientaci\u00f3n para dar los mejores resultados en p\u00e1ginas web de juegos al azar y casinos a trav\u00e9s del SEO y las mejores t\u00e9cnicas de posicionamiento org\u00e1nico.\",\"breadcrumb\":{\"@id\":\"https:\\\/\\\/adultseo.net\\\/es\\\/seo-para-casinos\\\/#breadcrumb\"},\"inLanguage\":\"es\",\"potentialAction\":[{\"@type\":\"ReadAction\",\"target\":[\"https:\\\/\\\/adultseo.net\\\/es\\\/seo-para-casinos\\\/\"]}]},{\"@type\":\"BreadcrumbList\",\"@id\":\"https:\\\/\\\/adultseo.net\\\/es\\\/seo-para-casinos\\\/#breadcrumb\",\"itemListElement\":[{\"@type\":\"ListItem\",\"position\":1,\"name\":\"Home\",\"item\":\"https:\\\/\\\/adultseo.net\\\/es\\\/\"},{\"@type\":\"ListItem\",\"position\":2,\"name\":\"Gambling-Casino SEO\"}]},{\"@type\":\"WebSite\",\"@id\":\"https:\\\/\\\/adultseo.net\\\/es\\\/#website\",\"url\":\"https:\\\/\\\/adultseo.net\\\/es\\\/\",\"name\":\"Adult SEO\",\"description\":\"Adult SEO Services\",\"publisher\":{\"@id\":\"https:\\\/\\\/adultseo.net\\\/es\\\/#organization\"},\"potentialAction\":[{\"@type\":\"SearchAction\",\"target\":{\"@type\":\"EntryPoint\",\"urlTemplate\":\"https:\\\/\\\/adultseo.net\\\/es\\\/?s={search_term_string}\"},\"query-input\":{\"@type\":\"PropertyValueSpecification\",\"valueRequired\":true,\"valueName\":\"search_term_string\"}}],\"inLanguage\":\"es\"},{\"@type\":\"Organization\",\"@id\":\"https:\\\/\\\/adultseo.net\\\/es\\\/#organization\",\"name\":\"Adult SEO\",\"url\":\"https:\\\/\\\/adultseo.net\\\/es\\\/\",\"logo\":{\"@type\":\"ImageObject\",\"inLanguage\":\"es\",\"@id\":\"https:\\\/\\\/adultseo.net\\\/es\\\/#\\\/schema\\\/logo\\\/image\\\/\",\"url\":\"https:\\\/\\\/adultseo.net\\\/wp-content\\\/uploads\\\/2020\\\/03\\\/adultseo_logo.png\",\"contentUrl\":\"https:\\\/\\\/adultseo.net\\\/wp-content\\\/uploads\\\/2020\\\/03\\\/adultseo_logo.png\",\"width\":250,\"height\":66,\"caption\":\"Adult SEO\"},\"image\":{\"@id\":\"https:\\\/\\\/adultseo.net\\\/es\\\/#\\\/schema\\\/logo\\\/image\\\/\"}}]}<\/script>\n<!-- \/ Yoast SEO plugin. -->","yoast_head_json":{"title":"SEO para casinos | SEO y creaci\u00f3n de enlaces para sitios web de videojuegos y apuestas: AdultSEO.net","description":"Servicios de SEO y creaci\u00f3n de enlaces para sitios web de casinos, juegos de azar, videojuegos y apuestas. Orientaci\u00f3n para dar los mejores resultados en p\u00e1ginas web de juegos al azar y casinos a trav\u00e9s del SEO y las mejores t\u00e9cnicas de posicionamiento org\u00e1nico.","robots":{"index":"index","follow":"follow","max-snippet":"max-snippet:-1","max-image-preview":"max-image-preview:large","max-video-preview":"max-video-preview:-1"},"canonical":"https:\/\/adultseo.net\/es\/seo-para-casinos\/","og_locale":"es_ES","og_type":"article","og_title":"SEO para casinos | SEO y creaci\u00f3n de enlaces para sitios web de videojuegos y apuestas: AdultSEO.net","og_description":"Servicios de SEO y creaci\u00f3n de enlaces para sitios web de casinos, juegos de azar, videojuegos y apuestas. Orientaci\u00f3n para dar los mejores resultados en p\u00e1ginas web de juegos al azar y casinos a trav\u00e9s del SEO y las mejores t\u00e9cnicas de posicionamiento org\u00e1nico.","og_url":"https:\/\/adultseo.net\/es\/seo-para-casinos\/","og_site_name":"Adult SEO","article_modified_time":"2024-08-23T05:41:45+00:00","twitter_card":"summary_large_image","twitter_misc":{"Tiempo de lectura":"5 minutos"},"schema":{"@context":"https:\/\/schema.org","@graph":[{"@type":"WebPage","@id":"https:\/\/adultseo.net\/es\/seo-para-casinos\/","url":"https:\/\/adultseo.net\/es\/seo-para-casinos\/","name":"SEO para casinos | SEO y creaci\u00f3n de enlaces para sitios web de videojuegos y apuestas: AdultSEO.net","isPartOf":{"@id":"https:\/\/adultseo.net\/es\/#website"},"datePublished":"2020-03-15T09:51:46+00:00","dateModified":"2024-08-23T05:41:45+00:00","description":"Servicios de SEO y creaci\u00f3n de enlaces para sitios web de casinos, juegos de azar, videojuegos y apuestas. Orientaci\u00f3n para dar los mejores resultados en p\u00e1ginas web de juegos al azar y casinos a trav\u00e9s del SEO y las mejores t\u00e9cnicas de posicionamiento org\u00e1nico.","breadcrumb":{"@id":"https:\/\/adultseo.net\/es\/seo-para-casinos\/#breadcrumb"},"inLanguage":"es","potentialAction":[{"@type":"ReadAction","target":["https:\/\/adultseo.net\/es\/seo-para-casinos\/"]}]},{"@type":"BreadcrumbList","@id":"https:\/\/adultseo.net\/es\/seo-para-casinos\/#breadcrumb","itemListElement":[{"@type":"ListItem","position":1,"name":"Home","item":"https:\/\/adultseo.net\/es\/"},{"@type":"ListItem","position":2,"name":"Gambling-Casino SEO"}]},{"@type":"WebSite","@id":"https:\/\/adultseo.net\/es\/#website","url":"https:\/\/adultseo.net\/es\/","name":"Adult SEO","description":"Adult SEO Services","publisher":{"@id":"https:\/\/adultseo.net\/es\/#organization"},"potentialAction":[{"@type":"SearchAction","target":{"@type":"EntryPoint","urlTemplate":"https:\/\/adultseo.net\/es\/?s={search_term_string}"},"query-input":{"@type":"PropertyValueSpecification","valueRequired":true,"valueName":"search_term_string"}}],"inLanguage":"es"},{"@type":"Organization","@id":"https:\/\/adultseo.net\/es\/#organization","name":"Adult SEO","url":"https:\/\/adultseo.net\/es\/","logo":{"@type":"ImageObject","inLanguage":"es","@id":"https:\/\/adultseo.net\/es\/#\/schema\/logo\/image\/","url":"https:\/\/adultseo.net\/wp-content\/uploads\/2020\/03\/adultseo_logo.png","contentUrl":"https:\/\/adultseo.net\/wp-content\/uploads\/2020\/03\/adultseo_logo.png","width":250,"height":66,"caption":"Adult SEO"},"image":{"@id":"https:\/\/adultseo.net\/es\/#\/schema\/logo\/image\/"}}]}},"_links":{"self":[{"href":"https:\/\/adultseo.net\/es\/wp-json\/wp\/v2\/pages\/24449","targetHints":{"allow":["GET"]}}],"collection":[{"href":"https:\/\/adultseo.net\/es\/wp-json\/wp\/v2\/pages"}],"about":[{"href":"https:\/\/adultseo.net\/es\/wp-json\/wp\/v2\/types\/page"}],"author":[{"embeddable":true,"href":"https:\/\/adultseo.net\/es\/wp-json\/wp\/v2\/users\/1"}],"replies":[{"embeddable":true,"href":"https:\/\/adultseo.net\/es\/wp-json\/wp\/v2\/comments?post=24449"}],"version-history":[{"count":0,"href":"https:\/\/adultseo.net\/es\/wp-json\/wp\/v2\/pages\/24449\/revisions"}],"wp:attachment":[{"href":"https:\/\/adultseo.net\/es\/wp-json\/wp\/v2\/media?parent=24449"}],"curies":[{"name":"wp","href":"https:\/\/api.w.org\/{rel}","templated":true}]}}